

{"id":4368,"date":"2020-03-20T10:27:41","date_gmt":"2020-03-20T07:27:41","guid":{"rendered":"https:\/\/www.fayansart.com\/?page_id=4368"},"modified":"2020-03-20T10:27:44","modified_gmt":"2020-03-20T07:27:44","slug":"%d9%86%d9%85%d8%a7%d8%b0%d8%ac-%d8%ae%d8%b2%d9%81%d9%8a%d8%a9-%d9%85%d8%b7%d8%a8%d9%88%d8%b9%d8%a9","status":"publish","type":"page","link":"https:\/\/www.fayansart.com\/ar\/%d9%86%d9%85%d8%a7%d8%b0%d8%ac-%d8%ae%d8%b2%d9%81%d9%8a%d8%a9-%d9%85%d8%b7%d8%a8%d9%88%d8%b9%d8%a9\/","title":{"rendered":"\u0646\u0645\u0627\u0630\u062c \u062e\u0632\u0641\u064a\u0629 \u0645\u0637\u0628\u0648\u0639\u0629"},"content":{"rendered":"<div class=\"fusion-fullwidth fullwidth-box fusion-builder-row-1 nonhundred-percent-fullwidth non-hundred-percent-height-scrolling\" style=\"--awb-border-radius-top-left:0px;--awb-border-radius-top-right:0px;--awb-border-radius-bottom-right:0px;--awb-border-radius-bottom-left:0px;--awb-padding-top:130px;--awb-padding-bottom:20px;--awb-flex-wrap:wrap;\" ><div class=\"fusion-builder-row fusion-row\"><div class=\"fusion-layout-column fusion_builder_column fusion-builder-column-0 fusion_builder_column_1_1 1_1 fusion-one-full fusion-column-first fusion-column-last\" style=\"--awb-bg-size:cover;\"><div class=\"fusion-column-wrapper fusion-flex-column-wrapper-legacy\"><div class=\"fusion-title title fusion-title-1 fusion-sep-none fusion-title-text fusion-title-size-one\" style=\"--awb-margin-top-small:0px;--awb-margin-right-small:0px;--awb-margin-bottom-small:20px;--awb-margin-left-small:0px;\"><h1 class=\"fusion-title-heading title-heading-left fusion-responsive-typography-calculated\" style=\"margin:0;--fontSize:60;line-height:1.33;\"><h2 style=\"text-align: center;\">\u0646\u0645\u0627\u0630\u062c \u062e\u0632\u0641\u064a\u0629 \u0645\u0637\u0628\u0648\u0639\u0629<\/h2><\/h1><\/div><div class=\"fusion-flip-boxes flip-boxes row fusion-columns-5 flip-effect-classic flip-box-2 \"><div class=\"fusion-flip-box-wrapper col-lg-2 col-md-2 col-sm-2\"><div class=\"fusion-flip-box flip-right\" tabindex=\"0\"><div class=\"flip-box-inner-wrapper\"><div class=\"flip-box-front\" style=\"--awb-border-radius:4px;\"><div class=\"flip-box-front-inner\"><div class=\"flip-box-grafix flip-box-image\"><img decoding=\"async\" src=\"https:\/\/www.fayansart.com\/wp-content\/uploads\/fayans-art-banyo.jpg\" width=\"210\" height=\"362.37\" alt=\"\" \/><\/div><\/div><\/div><div class=\"flip-box-back\" style=\"--awb-border-radius:4px;--awb-background-color-back:#24272d;\"><div class=\"flip-box-back-inner\">\n<p style=\"text-align: center;\"><a href=\"https:\/\/www.fayansart.com\/fayans-modelleri\/banyo-fayans-modelleri\/\">\u062f\u0648\u0631\u0647 \u0627\u0644\u0645\u064a\u0627\u0647<\/a><\/p>\n<\/div><\/div><\/div><\/div><\/div><div class=\"fusion-flip-box-wrapper col-lg-2 col-md-2 col-sm-2\"><div class=\"fusion-flip-box flip-right\" tabindex=\"0\"><div class=\"flip-box-inner-wrapper\"><div class=\"flip-box-front\" style=\"--awb-border-radius:4px;\"><div class=\"flip-box-front-inner\"><div class=\"flip-box-grafix flip-box-image\"><img decoding=\"async\" src=\"https:\/\/www.fayansart.com\/wp-content\/uploads\/fayans-art-mutfak.jpg\" width=\"210\" height=\"362.37\" alt=\"\" \/><\/div><\/div><\/div><div class=\"flip-box-back\" style=\"--awb-border-radius:4px;--awb-background-color-back:#24272d;\"><div class=\"flip-box-back-inner\">\n<p style=\"text-align: center;\"><a href=\"https:\/\/www.fayansart.com\/fayans-modelleri\/mutfak-fayans-modelleri\/\">\u0645\u0637\u0628\u062e<\/a><\/p>\n<\/div><\/div><\/div><\/div><\/div><div class=\"fusion-flip-box-wrapper col-lg-2 col-md-2 col-sm-2\"><div class=\"fusion-flip-box flip-right\" tabindex=\"0\"><div class=\"flip-box-inner-wrapper\"><div class=\"flip-box-front\" style=\"--awb-border-radius:4px;\"><div class=\"flip-box-front-inner\"><div class=\"flip-box-grafix flip-box-image\"><img decoding=\"async\" src=\"https:\/\/www.fayansart.com\/wp-content\/uploads\/fayans-art-havuz.jpg\" width=\"210\" height=\"362.37\" alt=\"\" \/><\/div><\/div><\/div><div class=\"flip-box-back\" style=\"--awb-border-radius:4px;--awb-background-color-back:#24272d;\"><div class=\"flip-box-back-inner\">\n<p style=\"text-align: center;\"><a href=\"https:\/\/www.fayansart.com\/fayans-modelleri\/havuz-hamam-spa-fayans-modeller\/\">\u0628\u0631\u0643\u0629 \u0627\u0644\u0633\u0628\u0627\u062d\u0629<\/a><\/p>\n<\/div><\/div><\/div><\/div><\/div><div class=\"fusion-flip-box-wrapper col-lg-2 col-md-2 col-sm-2\"><div class=\"fusion-flip-box flip-right\" tabindex=\"0\"><div class=\"flip-box-inner-wrapper\"><div class=\"flip-box-front\" style=\"--awb-border-radius:4px;\"><div class=\"flip-box-front-inner\"><div class=\"flip-box-grafix flip-box-image\"><img decoding=\"async\" src=\"https:\/\/www.fayansart.com\/wp-content\/uploads\/dis-mekan-fayans-art.jpg\" width=\"210\" height=\"362.37\" alt=\"\" \/><\/div><\/div><\/div><div class=\"flip-box-back\" style=\"--awb-border-radius:4px;--awb-background-color-back:#24272d;\"><div class=\"flip-box-back-inner\">\n<p style=\"text-align: center;\"><a href=\"https:\/\/www.fayansart.com\/fayans-modelleri\/mimari-proje-fayans-modelleri\/\">\u0645\u0634\u0627\u0631\u064a\u0639 \u0645\u0639\u0645\u0627\u0631\u064a\u0629<\/a><\/p>\n<\/div><\/div><\/div><\/div><\/div><div class=\"fusion-flip-box-wrapper col-lg-2 col-md-2 col-sm-2\"><div class=\"fusion-flip-box flip-right\" tabindex=\"0\"><div class=\"flip-box-inner-wrapper\"><div class=\"flip-box-front\" style=\"--awb-border-radius:4px;\"><div class=\"flip-box-front-inner\"><div class=\"flip-box-grafix flip-box-image\"><img decoding=\"async\" src=\"https:\/\/www.fayansart.com\/wp-content\/uploads\/Kafe-Restoran-Fayans-Modelleri.jpg\" width=\"210\" height=\"362.37\" alt=\"\" \/><\/div><\/div><\/div><div class=\"flip-box-back\" style=\"--awb-border-radius:4px;--awb-background-color-back:#24272d;\"><div class=\"flip-box-back-inner\">\n<p style=\"text-align: center;\"><a href=\"https:\/\/www.fayansart.com\/ar\/%d9%86%d9%85%d8%a7%d8%b0%d8%ac-%d8%ae%d8%b2%d9%81%d9%8a%d8%a9-%d9%85%d8%b7%d8%a8%d9%88%d8%b9%d8%a9\/kafe-restoran-fayans-modelleri\/\">\u0627\u0644\u0645\u0637\u0627\u0639\u0645 \u0648\u0627\u0644\u0645\u0642\u0627\u0647\u064a<\/a><\/p>\n<\/div><\/div><\/div><\/div><\/div><\/div><div class=\"clearfix\"><\/div><div class=\"fusion-clearfix\"><\/div><\/div><\/div><\/div><\/div>\n","protected":false},"excerpt":{"rendered":"","protected":false},"author":5,"featured_media":0,"parent":0,"menu_order":0,"comment_status":"closed","ping_status":"open","template":"","meta":{"_monsterinsights_skip_tracking":false,"_monsterinsights_sitenote_active":false,"_monsterinsights_sitenote_note":"","_monsterinsights_sitenote_category":0,"footnotes":""},"class_list":["post-4368","page","type-page","status-publish","hentry"],"yoast_head":"<!-- This site is optimized with the Yoast SEO plugin v27.3 - https:\/\/yoast.com\/product\/yoast-seo-wordpress\/ -->\n<title>\u0646\u0645\u0627\u0630\u062c \u062e\u0632\u0641\u064a\u0629 \u0645\u0637\u0628\u0648\u0639\u0629 -<\/title>\n<meta name=\"robots\" content=\"index, follow, max-snippet:-1, max-image-preview:large, max-video-preview:-1\" \/>\n<link rel=\"canonical\" href=\"https:\/\/www.fayansart.com\/ar\/\u0646\u0645\u0627\u0630\u062c-\u062e\u0632\u0641\u064a\u0629-\u0645\u0637\u0628\u0648\u0639\u0629\/\" \/>\n<meta property=\"og:locale\" content=\"ar_AR\" \/>\n<meta property=\"og:type\" content=\"article\" \/>\n<meta property=\"og:title\" content=\"\u0646\u0645\u0627\u0630\u062c \u062e\u0632\u0641\u064a\u0629 \u0645\u0637\u0628\u0648\u0639\u0629 -\" \/>\n<meta property=\"og:url\" content=\"https:\/\/www.fayansart.com\/ar\/\u0646\u0645\u0627\u0630\u062c-\u062e\u0632\u0641\u064a\u0629-\u0645\u0637\u0628\u0648\u0639\u0629\/\" \/>\n<meta property=\"og:site_name\" content=\"Fayans \u00dczerine \u0130\u015flenen Sanat\" \/>\n<meta property=\"article:modified_time\" content=\"2020-03-20T07:27:44+00:00\" \/>\n<meta name=\"twitter:card\" content=\"summary_large_image\" \/>\n<meta name=\"twitter:label1\" content=\"\u0648\u0642\u062a \u0627\u0644\u0642\u0631\u0627\u0621\u0629 \u0627\u0644\u0645\u064f\u0642\u062f\u0651\u0631\" \/>\n\t<meta name=\"twitter:data1\" content=\"4 \u062f\u0642\u0627\u0626\u0642\" \/>\n<script type=\"application\/ld+json\" class=\"yoast-schema-graph\">{\"@context\":\"https:\\\/\\\/schema.org\",\"@graph\":[{\"@type\":\"WebPage\",\"@id\":\"https:\\\/\\\/www.fayansart.com\\\/ar\\\/%d9%86%d9%85%d8%a7%d8%b0%d8%ac-%d8%ae%d8%b2%d9%81%d9%8a%d8%a9-%d9%85%d8%b7%d8%a8%d9%88%d8%b9%d8%a9\\\/\",\"url\":\"https:\\\/\\\/www.fayansart.com\\\/ar\\\/%d9%86%d9%85%d8%a7%d8%b0%d8%ac-%d8%ae%d8%b2%d9%81%d9%8a%d8%a9-%d9%85%d8%b7%d8%a8%d9%88%d8%b9%d8%a9\\\/\",\"name\":\"\u0646\u0645\u0627\u0630\u062c \u062e\u0632\u0641\u064a\u0629 \u0645\u0637\u0628\u0648\u0639\u0629 -\",\"isPartOf\":{\"@id\":\"https:\\\/\\\/www.fayansart.com\\\/#website\"},\"datePublished\":\"2020-03-20T07:27:41+00:00\",\"dateModified\":\"2020-03-20T07:27:44+00:00\",\"breadcrumb\":{\"@id\":\"https:\\\/\\\/www.fayansart.com\\\/ar\\\/%d9%86%d9%85%d8%a7%d8%b0%d8%ac-%d8%ae%d8%b2%d9%81%d9%8a%d8%a9-%d9%85%d8%b7%d8%a8%d9%88%d8%b9%d8%a9\\\/#breadcrumb\"},\"inLanguage\":\"ar\",\"potentialAction\":[{\"@type\":\"ReadAction\",\"target\":[\"https:\\\/\\\/www.fayansart.com\\\/ar\\\/%d9%86%d9%85%d8%a7%d8%b0%d8%ac-%d8%ae%d8%b2%d9%81%d9%8a%d8%a9-%d9%85%d8%b7%d8%a8%d9%88%d8%b9%d8%a9\\\/\"]}]},{\"@type\":\"BreadcrumbList\",\"@id\":\"https:\\\/\\\/www.fayansart.com\\\/ar\\\/%d9%86%d9%85%d8%a7%d8%b0%d8%ac-%d8%ae%d8%b2%d9%81%d9%8a%d8%a9-%d9%85%d8%b7%d8%a8%d9%88%d8%b9%d8%a9\\\/#breadcrumb\",\"itemListElement\":[{\"@type\":\"ListItem\",\"position\":1,\"name\":\"Home\",\"item\":\"https:\\\/\\\/www.fayansart.com\\\/ar\\\/\"},{\"@type\":\"ListItem\",\"position\":2,\"name\":\"\u0646\u0645\u0627\u0630\u062c \u062e\u0632\u0641\u064a\u0629 \u0645\u0637\u0628\u0648\u0639\u0629\"}]},{\"@type\":\"WebSite\",\"@id\":\"https:\\\/\\\/www.fayansart.com\\\/#website\",\"url\":\"https:\\\/\\\/www.fayansart.com\\\/\",\"name\":\"Fayans \u00dczerine \u0130\u015flenen Sanat\",\"description\":\"FayansArt Seramik Bask\u0131\",\"publisher\":{\"@id\":\"https:\\\/\\\/www.fayansart.com\\\/#organization\"},\"potentialAction\":[{\"@type\":\"SearchAction\",\"target\":{\"@type\":\"EntryPoint\",\"urlTemplate\":\"https:\\\/\\\/www.fayansart.com\\\/?s={search_term_string}\"},\"query-input\":{\"@type\":\"PropertyValueSpecification\",\"valueRequired\":true,\"valueName\":\"search_term_string\"}}],\"inLanguage\":\"ar\"},{\"@type\":\"Organization\",\"@id\":\"https:\\\/\\\/www.fayansart.com\\\/#organization\",\"name\":\"FayansArt\",\"url\":\"https:\\\/\\\/www.fayansart.com\\\/\",\"logo\":{\"@type\":\"ImageObject\",\"inLanguage\":\"ar\",\"@id\":\"https:\\\/\\\/www.fayansart.com\\\/#\\\/schema\\\/logo\\\/image\\\/\",\"url\":\"https:\\\/\\\/www.fayansart.com\\\/wp-content\\\/uploads\\\/FayansArt-PC-Logo-.png\",\"contentUrl\":\"https:\\\/\\\/www.fayansart.com\\\/wp-content\\\/uploads\\\/FayansArt-PC-Logo-.png\",\"width\":150,\"height\":54,\"caption\":\"FayansArt\"},\"image\":{\"@id\":\"https:\\\/\\\/www.fayansart.com\\\/#\\\/schema\\\/logo\\\/image\\\/\"}}]}<\/script>\n<!-- \/ Yoast SEO plugin. -->","yoast_head_json":{"title":"\u0646\u0645\u0627\u0630\u062c \u062e\u0632\u0641\u064a\u0629 \u0645\u0637\u0628\u0648\u0639\u0629 -","robots":{"index":"index","follow":"follow","max-snippet":"max-snippet:-1","max-image-preview":"max-image-preview:large","max-video-preview":"max-video-preview:-1"},"canonical":"https:\/\/www.fayansart.com\/ar\/\u0646\u0645\u0627\u0630\u062c-\u062e\u0632\u0641\u064a\u0629-\u0645\u0637\u0628\u0648\u0639\u0629\/","og_locale":"ar_AR","og_type":"article","og_title":"\u0646\u0645\u0627\u0630\u062c \u062e\u0632\u0641\u064a\u0629 \u0645\u0637\u0628\u0648\u0639\u0629 -","og_url":"https:\/\/www.fayansart.com\/ar\/\u0646\u0645\u0627\u0630\u062c-\u062e\u0632\u0641\u064a\u0629-\u0645\u0637\u0628\u0648\u0639\u0629\/","og_site_name":"Fayans \u00dczerine \u0130\u015flenen Sanat","article_modified_time":"2020-03-20T07:27:44+00:00","twitter_card":"summary_large_image","twitter_misc":{"\u0648\u0642\u062a \u0627\u0644\u0642\u0631\u0627\u0621\u0629 \u0627\u0644\u0645\u064f\u0642\u062f\u0651\u0631":"4 \u062f\u0642\u0627\u0626\u0642"},"schema":{"@context":"https:\/\/schema.org","@graph":[{"@type":"WebPage","@id":"https:\/\/www.fayansart.com\/ar\/%d9%86%d9%85%d8%a7%d8%b0%d8%ac-%d8%ae%d8%b2%d9%81%d9%8a%d8%a9-%d9%85%d8%b7%d8%a8%d9%88%d8%b9%d8%a9\/","url":"https:\/\/www.fayansart.com\/ar\/%d9%86%d9%85%d8%a7%d8%b0%d8%ac-%d8%ae%d8%b2%d9%81%d9%8a%d8%a9-%d9%85%d8%b7%d8%a8%d9%88%d8%b9%d8%a9\/","name":"\u0646\u0645\u0627\u0630\u062c \u062e\u0632\u0641\u064a\u0629 \u0645\u0637\u0628\u0648\u0639\u0629 -","isPartOf":{"@id":"https:\/\/www.fayansart.com\/#website"},"datePublished":"2020-03-20T07:27:41+00:00","dateModified":"2020-03-20T07:27:44+00:00","breadcrumb":{"@id":"https:\/\/www.fayansart.com\/ar\/%d9%86%d9%85%d8%a7%d8%b0%d8%ac-%d8%ae%d8%b2%d9%81%d9%8a%d8%a9-%d9%85%d8%b7%d8%a8%d9%88%d8%b9%d8%a9\/#breadcrumb"},"inLanguage":"ar","potentialAction":[{"@type":"ReadAction","target":["https:\/\/www.fayansart.com\/ar\/%d9%86%d9%85%d8%a7%d8%b0%d8%ac-%d8%ae%d8%b2%d9%81%d9%8a%d8%a9-%d9%85%d8%b7%d8%a8%d9%88%d8%b9%d8%a9\/"]}]},{"@type":"BreadcrumbList","@id":"https:\/\/www.fayansart.com\/ar\/%d9%86%d9%85%d8%a7%d8%b0%d8%ac-%d8%ae%d8%b2%d9%81%d9%8a%d8%a9-%d9%85%d8%b7%d8%a8%d9%88%d8%b9%d8%a9\/#breadcrumb","itemListElement":[{"@type":"ListItem","position":1,"name":"Home","item":"https:\/\/www.fayansart.com\/ar\/"},{"@type":"ListItem","position":2,"name":"\u0646\u0645\u0627\u0630\u062c \u062e\u0632\u0641\u064a\u0629 \u0645\u0637\u0628\u0648\u0639\u0629"}]},{"@type":"WebSite","@id":"https:\/\/www.fayansart.com\/#website","url":"https:\/\/www.fayansart.com\/","name":"Fayans \u00dczerine \u0130\u015flenen Sanat","description":"FayansArt Seramik Bask\u0131","publisher":{"@id":"https:\/\/www.fayansart.com\/#organization"},"potentialAction":[{"@type":"SearchAction","target":{"@type":"EntryPoint","urlTemplate":"https:\/\/www.fayansart.com\/?s={search_term_string}"},"query-input":{"@type":"PropertyValueSpecification","valueRequired":true,"valueName":"search_term_string"}}],"inLanguage":"ar"},{"@type":"Organization","@id":"https:\/\/www.fayansart.com\/#organization","name":"FayansArt","url":"https:\/\/www.fayansart.com\/","logo":{"@type":"ImageObject","inLanguage":"ar","@id":"https:\/\/www.fayansart.com\/#\/schema\/logo\/image\/","url":"https:\/\/www.fayansart.com\/wp-content\/uploads\/FayansArt-PC-Logo-.png","contentUrl":"https:\/\/www.fayansart.com\/wp-content\/uploads\/FayansArt-PC-Logo-.png","width":150,"height":54,"caption":"FayansArt"},"image":{"@id":"https:\/\/www.fayansart.com\/#\/schema\/logo\/image\/"}}]}},"_links":{"self":[{"href":"https:\/\/www.fayansart.com\/ar\/wp-json\/wp\/v2\/pages\/4368","targetHints":{"allow":["GET"]}}],"collection":[{"href":"https:\/\/www.fayansart.com\/ar\/wp-json\/wp\/v2\/pages"}],"about":[{"href":"https:\/\/www.fayansart.com\/ar\/wp-json\/wp\/v2\/types\/page"}],"author":[{"embeddable":true,"href":"https:\/\/www.fayansart.com\/ar\/wp-json\/wp\/v2\/users\/5"}],"replies":[{"embeddable":true,"href":"https:\/\/www.fayansart.com\/ar\/wp-json\/wp\/v2\/comments?post=4368"}],"version-history":[{"count":2,"href":"https:\/\/www.fayansart.com\/ar\/wp-json\/wp\/v2\/pages\/4368\/revisions"}],"predecessor-version":[{"id":4378,"href":"https:\/\/www.fayansart.com\/ar\/wp-json\/wp\/v2\/pages\/4368\/revisions\/4378"}],"wp:attachment":[{"href":"https:\/\/www.fayansart.com\/ar\/wp-json\/wp\/v2\/media?parent=4368"}],"curies":[{"name":"wp","href":"https:\/\/api.w.org\/{rel}","templated":true}]}}