

{"id":1304,"date":"2016-12-29T11:43:55","date_gmt":"2016-12-29T11:43:55","guid":{"rendered":"https:\/\/www.fayansart.com\/dev\/?page_id=1304\/"},"modified":"2017-01-28T21:57:39","modified_gmt":"2017-01-28T21:57:39","slug":"about-us","status":"publish","type":"page","link":"https:\/\/www.fayansart.com\/en\/about-us\/","title":{"rendered":"About Us"},"content":{"rendered":"<p><div class=\"fusion-fullwidth fullwidth-box fusion-builder-row-1 nonhundred-percent-fullwidth non-hundred-percent-height-scrolling\" style=\"--awb-background-position:left top;--awb-border-radius-top-left:0px;--awb-border-radius-top-right:0px;--awb-border-radius-bottom-right:0px;--awb-border-radius-bottom-left:0px;--awb-padding-top:150px;--awb-padding-bottom:150px;--awb-border-sizes-top:0px;--awb-border-sizes-bottom:0px;--awb-flex-wrap:wrap;\" ><div class=\"fusion-builder-row fusion-row\"><div class=\"fusion-layout-column fusion_builder_column fusion-builder-column-0 fusion_builder_column_1_2 1_2 fusion-one-half fusion-column-first\" style=\"--awb-bg-size:cover;width:48%; margin-right: 4%;\"><div class=\"fusion-column-wrapper fusion-flex-column-wrapper-legacy\"><div class=\"fusion-text fusion-text-1\"><h2>FAYANSART<\/h2>\n<\/div><div class=\"fusion-sep-clear\"><\/div><div class=\"fusion-separator fusion-clearfix\" style=\"float:left;margin-top:0px;margin-bottom:35px;width:100%;max-width:170px;\"><div class=\"fusion-separator-border sep-single sep-solid\" style=\"--awb-height:20px;--awb-amount:20px;--awb-sep-color:#e2e3e8;border-color:#e2e3e8;border-top-width:3px;\"><\/div><\/div><div class=\"fusion-sep-clear\"><\/div><div class=\"fusion-text fusion-text-2\"><h3><em>WE DELIVER OUR SERVICE WITH\u00a0<\/em><em>REPEATEDLY PROVEN RESULTS AND\u00a0<\/em><em>CONFIDENCE FROM POSITIVE FEEDBACKS.<\/em><\/h3>\n<\/div><div class=\"fusion-text fusion-text-3\"><h2><\/h2>\n<p><b>FayansArt <\/b>is a brand of Boran Reklam, founded in 1994, with principles of quality products and continuation of maintenance. <b>FayansArt<\/b> is professionalized on ceramic, tile, glazed ceramic tiles, natural stones and ornamental compressions, and as a result of long lasting research &amp; development studies took it\u2019s place in the market.<\/p>\n<\/div><div class=\"fusion-clearfix\"><\/div><\/div><\/div><div class=\"fusion-layout-column fusion_builder_column fusion-builder-column-1 fusion_builder_column_1_2 1_2 fusion-one-half fusion-column-last\" style=\"--awb-bg-size:cover;width:48%;\"><div class=\"fusion-column-wrapper fusion-flex-column-wrapper-legacy\"><div class=\"fusion-image-element in-legacy-container\" style=\"--awb-caption-title-font-family:var(--h2_typography-font-family);--awb-caption-title-font-weight:var(--h2_typography-font-weight);--awb-caption-title-font-style:var(--h2_typography-font-style);--awb-caption-title-size:var(--h2_typography-font-size);--awb-caption-title-transform:var(--h2_typography-text-transform);--awb-caption-title-line-height:var(--h2_typography-line-height);--awb-caption-title-letter-spacing:var(--h2_typography-letter-spacing);\"><span class=\" fusion-imageframe imageframe-none imageframe-1 hover-type-zoomin fusion-animated\" data-animationType=\"fadeInDown\" data-animationDuration=\"1.0\" data-animationOffset=\"top-into-view\"><a href=\"https:\/\/www.fayansart.com\/wp-content\/uploads\/Banyo-Fayans-1024x587.jpg\" class=\"fusion-lightbox\" data-rel=\"iLightbox[9da323b5c9bb2d50160]\" data-caption=\"Bathroom Tile and Ceramics\" data-title=\"Bathroom Tile and Ceramics\" title=\"Bathroom Tile and Ceramics\"><img decoding=\"async\" width=\"1024\" height=\"587\" alt=\"Bathroom Tile and Ceramics\" src=\"https:\/\/www.fayansart.com\/wp-content\/uploads\/Banyo-Fayans-1024x587.jpg\" class=\"img-responsive wp-image-1045\" srcset=\"https:\/\/www.fayansart.com\/wp-content\/uploads\/Banyo-Fayans-200x115.jpg 200w, https:\/\/www.fayansart.com\/wp-content\/uploads\/Banyo-Fayans-400x229.jpg 400w, https:\/\/www.fayansart.com\/wp-content\/uploads\/Banyo-Fayans-600x344.jpg 600w, https:\/\/www.fayansart.com\/wp-content\/uploads\/Banyo-Fayans-800x458.jpg 800w, https:\/\/www.fayansart.com\/wp-content\/uploads\/Banyo-Fayans-1200x688.jpg 1200w, https:\/\/www.fayansart.com\/wp-content\/uploads\/Banyo-Fayans.jpg 1417w\" sizes=\"(max-width: 800px) 100vw, 600px\" \/><\/a><\/span><\/div><div class=\"fusion-sep-clear\"><\/div><div class=\"fusion-separator fusion-full-width-sep\" style=\"margin-left: auto;margin-right: auto;margin-top:40px;width:100%;\"><\/div><div class=\"fusion-sep-clear\"><\/div><div class=\"fusion-text fusion-text-4\"><p><b>FayansArt<\/b>, where art meets tiles removes the borders and makes your dreams come true. This freedom is brought to you by all our business partners in domestic and global market.<\/p>\n<\/div><div class=\"fusion-clearfix\"><\/div><\/div><\/div><\/div><\/div><div class=\"fusion-bg-parallax\" data-bg-align=\"left top\" data-direction=\"up\" data-mute=\"false\" data-opacity=\"100\" data-velocity=\"-0.3\" data-mobile-enabled=\"false\" data-break_parents=\"0\" data-bg-image=\"https:\/\/www.fayansart.com\/wp-content\/uploads\/2015\/05\/st-lucia.jpg\" data-bg-repeat=\"false\" ><\/div><div class=\"fusion-fullwidth fullwidth-box fusion-builder-row-2 fusion-parallax-up nonhundred-percent-fullwidth non-hundred-percent-height-scrolling\" style=\"--awb-background-position:left top;--awb-border-radius-top-left:0px;--awb-border-radius-top-right:0px;--awb-border-radius-bottom-right:0px;--awb-border-radius-bottom-left:0px;--awb-padding-top:150px;--awb-padding-bottom:150px;--awb-background-image:url(&quot;https:\/\/www.fayansart.com\/wp-content\/uploads\/2015\/05\/st-lucia.jpg&quot;);--awb-background-size:cover;--awb-border-sizes-top:0px;--awb-border-sizes-bottom:0px;--awb-flex-wrap:wrap;\" ><div class=\"fusion-builder-row fusion-row\"><div class=\"fusion-layout-column fusion_builder_column fusion-builder-column-2 fusion_builder_column_1_1 1_1 fusion-one-full fusion-column-first fusion-column-last fusion-column-no-min-height\" style=\"--awb-bg-size:cover;--awb-margin-bottom:0px;\"><div class=\"fusion-column-wrapper fusion-flex-column-wrapper-legacy\"><div class=\"fusion-text fusion-text-5\"><h2><span style=\"color: #ffffff;\">PRINTED TILE PRODUCTS<\/span><\/h2>\n<h3><span style=\"color: #ffffff;\"><em>FayansArt is a pioneer of the Tile Printing Technology (TPT), that can resist external influences and provide our clients with unlimited image options, for the decorative Tile industries, wishing to push the boundaries of what can be created in architectural space.<\/em><\/span><\/h3>\n<\/div><div class=\"fusion-sep-clear\"><\/div><div class=\"fusion-separator fusion-full-width-sep\" style=\"margin-left: auto;margin-right: auto;margin-top:60px;width:100%;\"><\/div><div class=\"fusion-sep-clear\"><\/div><div class=\"fusion-clearfix\"><\/div><\/div><\/div><div class=\"fusion-layout-column fusion_builder_column fusion-builder-column-3 fusion_builder_column_1_2 1_2 fusion-one-half fusion-column-first\" style=\"--awb-bg-size:cover;--awb-margin-bottom:40px;width:48%; margin-right: 4%;\"><div class=\"fusion-column-wrapper fusion-flex-column-wrapper-legacy\"><div class=\"fusion-progressbar\" style=\"--awb-maximum-value-wrapper-width:9%;\"><div class=\"fusion-progressbar-bar progress-bar\"><div class=\"progress progress-bar-content not-animated\" role=\"progressbar\" aria-labelledby=\"awb-progressbar-label-1\" aria-valuemin=\"0\" aria-valuemax=\"100\" aria-valuenow=\"91\" data-filling-speed=\"600\"><span class=\"progress-title awb-on-bar\"><span class=\"fusion-progressbar-text\" id=\"awb-progressbar-label-1\">BATHROOM TILES<\/span> <span class=\"fusion-progressbar-value\">91%<\/span><\/span><\/div><span class=\"awb-pb-max-value-wrap awb-on-bar\"><span class=\"awb-pb-max-value-text\"><\/span><\/span><\/div><\/div><div class=\"fusion-sep-clear\"><\/div><div class=\"fusion-separator fusion-full-width-sep\" style=\"margin-left: auto;margin-right: auto;margin-top:40px;width:100%;\"><\/div><div class=\"fusion-sep-clear\"><\/div><div class=\"fusion-progressbar\" style=\"--awb-maximum-value-wrapper-width:7%;\"><div class=\"fusion-progressbar-bar progress-bar\"><div class=\"progress progress-bar-content not-animated\" role=\"progressbar\" aria-labelledby=\"awb-progressbar-label-2\" aria-valuemin=\"0\" aria-valuemax=\"100\" aria-valuenow=\"93\" data-filling-speed=\"600\"><span class=\"progress-title awb-on-bar\"><span class=\"fusion-progressbar-text\" id=\"awb-progressbar-label-2\">ARCHITECTURAL TILES<\/span> <span class=\"fusion-progressbar-value\">93%<\/span><\/span><\/div><span class=\"awb-pb-max-value-wrap awb-on-bar\"><span class=\"awb-pb-max-value-text\"><\/span><\/span><\/div><\/div><div class=\"fusion-clearfix\"><\/div><\/div><\/div><div class=\"fusion-layout-column fusion_builder_column fusion-builder-column-4 fusion_builder_column_1_2 1_2 fusion-one-half fusion-column-last\" style=\"--awb-bg-size:cover;width:48%;\"><div class=\"fusion-column-wrapper fusion-flex-column-wrapper-legacy\"><div class=\"fusion-progressbar\" style=\"--awb-maximum-value-wrapper-width:7%;\"><div class=\"fusion-progressbar-bar progress-bar\"><div class=\"progress progress-bar-content not-animated\" role=\"progressbar\" aria-labelledby=\"awb-progressbar-label-3\" aria-valuemin=\"0\" aria-valuemax=\"100\" aria-valuenow=\"93\" data-filling-speed=\"600\"><span class=\"progress-title awb-on-bar\"><span class=\"fusion-progressbar-text\" id=\"awb-progressbar-label-3\">KITCHEN TILES<\/span> <span class=\"fusion-progressbar-value\">93%<\/span><\/span><\/div><span class=\"awb-pb-max-value-wrap awb-on-bar\"><span class=\"awb-pb-max-value-text\"><\/span><\/span><\/div><\/div><div class=\"fusion-sep-clear\"><\/div><div class=\"fusion-separator fusion-full-width-sep\" style=\"margin-left: auto;margin-right: auto;margin-top:40px;width:100%;\"><\/div><div class=\"fusion-sep-clear\"><\/div><div class=\"fusion-progressbar\" style=\"--awb-maximum-value-wrapper-width:2%;\"><div class=\"fusion-progressbar-bar progress-bar\"><div class=\"progress progress-bar-content not-animated\" role=\"progressbar\" aria-labelledby=\"awb-progressbar-label-4\" aria-valuemin=\"0\" aria-valuemax=\"100\" aria-valuenow=\"98\" data-filling-speed=\"600\"><span class=\"progress-title awb-on-bar\"><span class=\"fusion-progressbar-text\" id=\"awb-progressbar-label-4\">POOL- TURKISH BATH -SPA TILE<\/span> <span class=\"fusion-progressbar-value\">98%<\/span><\/span><\/div><span class=\"awb-pb-max-value-wrap awb-on-bar\"><span class=\"awb-pb-max-value-text\"><\/span><\/span><\/div><\/div><div class=\"fusion-sep-clear\"><\/div><div class=\"fusion-separator fusion-full-width-sep\" style=\"margin-left: auto;margin-right: auto;margin-top:40px;width:100%;\"><\/div><div class=\"fusion-sep-clear\"><\/div><div class=\"fusion-progressbar\" style=\"--awb-maximum-value-wrapper-width:4%;\"><div class=\"fusion-progressbar-bar progress-bar\"><div class=\"progress progress-bar-content not-animated\" role=\"progressbar\" aria-labelledby=\"awb-progressbar-label-5\" aria-valuemin=\"0\" aria-valuemax=\"100\" aria-valuenow=\"96\" data-filling-speed=\"600\"><span class=\"progress-title awb-on-bar\"><span class=\"fusion-progressbar-text\" id=\"awb-progressbar-label-5\">CAFE RESTAURANT TILES<\/span> <span class=\"fusion-progressbar-value\">96%<\/span><\/span><\/div><span class=\"awb-pb-max-value-wrap awb-on-bar\"><span class=\"awb-pb-max-value-text\"><\/span><\/span><\/div><\/div><div class=\"fusion-clearfix\"><\/div><\/div><\/div><\/div><\/div><div class=\"fusion-fullwidth fullwidth-box fusion-builder-row-3 nonhundred-percent-fullwidth non-hundred-percent-height-scrolling\" style=\"--awb-background-position:left top;--awb-border-radius-top-left:0px;--awb-border-radius-top-right:0px;--awb-border-radius-bottom-right:0px;--awb-border-radius-bottom-left:0px;--awb-padding-top:150px;--awb-padding-bottom:30px;--awb-border-sizes-top:0px;--awb-border-sizes-bottom:0px;--awb-flex-wrap:wrap;\" ><div class=\"fusion-builder-row fusion-row\"><div class=\"fusion-layout-column fusion_builder_column fusion-builder-column-5 fusion_builder_column_1_3 1_3 fusion-one-third fusion-column-first\" style=\"--awb-bg-position:right center;--awb-bg-size:cover;--awb-border-color:#e0dede;--awb-border-right:3px;--awb-border-style:solid;--awb-margin-bottom:0px;width:30.6666%; margin-right: 4%;\"><div class=\"fusion-column-wrapper fusion-flex-column-wrapper-legacy\"><div class=\"fusion-text fusion-text-6\"><h2>OUR QUALITY<\/h2>\n<\/div><div class=\"fusion-clearfix\"><\/div><\/div><\/div><div class=\"fusion-layout-column fusion_builder_column fusion-builder-column-6 fusion_builder_column_2_3 2_3 fusion-two-third fusion-column-last\" style=\"--awb-bg-size:cover;--awb-margin-bottom:100px;width:65.3333%;\"><div class=\"fusion-column-wrapper fusion-flex-column-wrapper-legacy\"><div class=\"fusion-text fusion-text-7\"><h4><em>By combining our experienced staff\u2019s practices and modern production techniques are used to keep customer satisfaction level at top and reflect the users\u2019 dreams on tiles: <b>FayansArt<\/b>\u2019s products carry a signature of 21 years of experience.<\/em><\/h4>\n<\/div><div class=\"fusion-clearfix\"><\/div><\/div><\/div><\/div><\/div><div class=\"fusion-fullwidth fullwidth-box fusion-builder-row-4 nonhundred-percent-fullwidth non-hundred-percent-height-scrolling fusion-equal-height-columns\" style=\"--awb-background-position:left top;--awb-border-radius-top-left:0px;--awb-border-radius-top-right:0px;--awb-border-radius-bottom-right:0px;--awb-border-radius-bottom-left:0px;--awb-padding-top:35px;--awb-padding-bottom:140px;--awb-border-sizes-top:0px;--awb-border-sizes-bottom:0px;--awb-flex-wrap:wrap;\" ><div class=\"fusion-builder-row fusion-row\"><div class=\"fusion-layout-column fusion_builder_column fusion-builder-column-7 fusion_builder_column_1_3 1_3 fusion-one-third fusion-column-first\" style=\"--awb-bg-color:#f8f8f8;--awb-bg-color-hover:#f8f8f8;--awb-bg-size:cover;--awb-margin-bottom:40px;width:30.6666%; margin-right: 4%;\"><div class=\"fusion-column-wrapper fusion-flex-column-wrapper-legacy\"><div class=\"fusion-image-element fusion-image-align-center in-legacy-container\" style=\"text-align:center;--awb-caption-title-font-family:var(--h2_typography-font-family);--awb-caption-title-font-weight:var(--h2_typography-font-weight);--awb-caption-title-font-style:var(--h2_typography-font-style);--awb-caption-title-size:var(--h2_typography-font-size);--awb-caption-title-transform:var(--h2_typography-text-transform);--awb-caption-title-line-height:var(--h2_typography-line-height);--awb-caption-title-letter-spacing:var(--h2_typography-letter-spacing);\"><div class=\"imageframe-align-center\"><span class=\" fusion-imageframe imageframe-none imageframe-2 hover-type-zoomin\"><a href=\"https:\/\/www.fayansart.com\/wp-content\/uploads\/FayansArt-Proje.jpg\" class=\"fusion-lightbox\" data-rel=\"iLightbox[cf66b9f42194e7bf06c]\" data-caption=\"FayansArt Project\" data-title=\"FayansArt Project\" title=\"FayansArt Project\"><img decoding=\"async\" width=\"600\" height=\"600\" alt=\"FayansArt Project\" src=\"https:\/\/www.fayansart.com\/wp-content\/uploads\/FayansArt-Proje.jpg\" class=\"img-responsive wp-image-2432\" srcset=\"https:\/\/www.fayansart.com\/wp-content\/uploads\/FayansArt-Proje-200x200.jpg 200w, https:\/\/www.fayansart.com\/wp-content\/uploads\/FayansArt-Proje-400x400.jpg 400w, https:\/\/www.fayansart.com\/wp-content\/uploads\/FayansArt-Proje.jpg 600w\" sizes=\"(max-width: 800px) 100vw, 400px\" \/><\/a><\/span><\/div><\/div><div class=\"fusion-text fusion-text-8\"><div style=\"padding: 25px;\">\n<h4>PROJECT<\/h4>\n<p>Suitable items choosen by our technician team after analyze your project.<\/p>\n<\/div>\n<\/div><div class=\"fusion-clearfix\"><\/div><\/div><\/div><div class=\"fusion-layout-column fusion_builder_column fusion-builder-column-8 fusion_builder_column_1_3 1_3 fusion-one-third\" style=\"--awb-bg-color:#f8f8f8;--awb-bg-color-hover:#f8f8f8;--awb-bg-size:cover;--awb-margin-bottom:40px;width:30.6666%; margin-right: 4%;\"><div class=\"fusion-column-wrapper fusion-flex-column-wrapper-legacy\"><div class=\"fusion-image-element fusion-image-align-center in-legacy-container\" style=\"text-align:center;--awb-caption-title-font-family:var(--h2_typography-font-family);--awb-caption-title-font-weight:var(--h2_typography-font-weight);--awb-caption-title-font-style:var(--h2_typography-font-style);--awb-caption-title-size:var(--h2_typography-font-size);--awb-caption-title-transform:var(--h2_typography-text-transform);--awb-caption-title-line-height:var(--h2_typography-line-height);--awb-caption-title-letter-spacing:var(--h2_typography-letter-spacing);\"><div class=\"imageframe-align-center\"><span class=\" fusion-imageframe imageframe-none imageframe-3 hover-type-zoomin\"><a href=\"https:\/\/www.fayansart.com\/wp-content\/uploads\/FayansArt-Tasarim.jpg\" class=\"fusion-lightbox\" data-rel=\"iLightbox[f516cac7bd8e575a8f2]\" data-caption=\"FayansArt Kitchen Designs\" data-title=\"FayansArt Kitchen Designs\" title=\"FayansArt Kitchen Designs\"><img decoding=\"async\" width=\"600\" height=\"600\" alt=\"FayansArt Kitchen Designs\" src=\"https:\/\/www.fayansart.com\/wp-content\/uploads\/FayansArt-Tasarim.jpg\" class=\"img-responsive wp-image-2441\" srcset=\"https:\/\/www.fayansart.com\/wp-content\/uploads\/FayansArt-Tasarim-200x200.jpg 200w, https:\/\/www.fayansart.com\/wp-content\/uploads\/FayansArt-Tasarim-400x400.jpg 400w, https:\/\/www.fayansart.com\/wp-content\/uploads\/FayansArt-Tasarim.jpg 600w\" sizes=\"(max-width: 800px) 100vw, 400px\" \/><\/a><\/span><\/div><\/div><div class=\"fusion-text fusion-text-9\"><div style=\"padding: 25px;\">\n<h4>DESIGN<\/h4>\n<p>Our graphic team will be with you during your project to get best results.<\/p>\n<\/div>\n<\/div><div class=\"fusion-clearfix\"><\/div><\/div><\/div><div class=\"fusion-layout-column fusion_builder_column fusion-builder-column-9 fusion_builder_column_1_3 1_3 fusion-one-third fusion-column-last\" style=\"--awb-bg-color:#f8f8f8;--awb-bg-color-hover:#f8f8f8;--awb-bg-size:cover;width:30.6666%;\"><div class=\"fusion-column-wrapper fusion-flex-column-wrapper-legacy\"><div class=\"fusion-image-element fusion-image-align-center in-legacy-container\" style=\"text-align:center;--awb-caption-title-font-family:var(--h2_typography-font-family);--awb-caption-title-font-weight:var(--h2_typography-font-weight);--awb-caption-title-font-style:var(--h2_typography-font-style);--awb-caption-title-size:var(--h2_typography-font-size);--awb-caption-title-transform:var(--h2_typography-text-transform);--awb-caption-title-line-height:var(--h2_typography-line-height);--awb-caption-title-letter-spacing:var(--h2_typography-letter-spacing);\"><div class=\"imageframe-align-center\"><span class=\" fusion-imageframe imageframe-none imageframe-4 hover-type-zoomin\"><a href=\"https:\/\/www.fayansart.com\/wp-content\/uploads\/FayansArt-Uretim.jpg\" class=\"fusion-lightbox\" data-rel=\"iLightbox[3bb63508a468b7f0071]\" data-caption=\"FayansArt Production\" data-title=\"FayansArt Production\" title=\"FayansArt Production\"><img decoding=\"async\" width=\"600\" height=\"600\" alt=\"FayansArt Production\" src=\"https:\/\/www.fayansart.com\/wp-content\/uploads\/FayansArt-Uretim.jpg\" class=\"img-responsive wp-image-2444\" srcset=\"https:\/\/www.fayansart.com\/wp-content\/uploads\/FayansArt-Uretim-200x200.jpg 200w, https:\/\/www.fayansart.com\/wp-content\/uploads\/FayansArt-Uretim-400x400.jpg 400w, https:\/\/www.fayansart.com\/wp-content\/uploads\/FayansArt-Uretim.jpg 600w\" sizes=\"(max-width: 800px) 100vw, 400px\" \/><\/a><\/span><\/div><\/div><div class=\"fusion-text fusion-text-10\"><div style=\"padding: 25px;\">\n<h4>PRODUCTION<\/h4>\n<p>High quality printed tile will be delivered on time.<\/p>\n<\/div>\n<\/div><div class=\"fusion-clearfix\"><\/div><\/div><\/div><\/div><\/div><\/p>\n","protected":false},"excerpt":{"rendered":"","protected":false},"author":5,"featured_media":0,"parent":0,"menu_order":0,"comment_status":"closed","ping_status":"open","template":"100-width.php","meta":{"_monsterinsights_skip_tracking":false,"_monsterinsights_sitenote_active":false,"_monsterinsights_sitenote_note":"","_monsterinsights_sitenote_category":0,"footnotes":""},"class_list":["post-1304","page","type-page","status-publish","hentry"],"yoast_head":"<!-- This site is optimized with the Yoast SEO plugin v27.3 - https:\/\/yoast.com\/product\/yoast-seo-wordpress\/ -->\n<title>About Us -<\/title>\n<meta name=\"robots\" content=\"index, follow, max-snippet:-1, max-image-preview:large, max-video-preview:-1\" \/>\n<link rel=\"canonical\" href=\"https:\/\/www.fayansart.com\/en\/about-us\/\" \/>\n<meta property=\"og:locale\" content=\"en_US\" \/>\n<meta property=\"og:type\" content=\"article\" \/>\n<meta property=\"og:title\" content=\"About Us -\" \/>\n<meta property=\"og:url\" content=\"https:\/\/www.fayansart.com\/en\/about-us\/\" \/>\n<meta property=\"og:site_name\" content=\"Fayans \u00dczerine \u0130\u015flenen Sanat\" \/>\n<meta property=\"article:modified_time\" content=\"2017-01-28T21:57:39+00:00\" \/>\n<meta name=\"twitter:card\" content=\"summary_large_image\" \/>\n<meta name=\"twitter:label1\" content=\"Est. reading time\" \/>\n\t<meta name=\"twitter:data1\" content=\"7 minutes\" \/>\n<script type=\"application\/ld+json\" class=\"yoast-schema-graph\">{\"@context\":\"https:\\\/\\\/schema.org\",\"@graph\":[{\"@type\":\"WebPage\",\"@id\":\"https:\\\/\\\/www.fayansart.com\\\/en\\\/about-us\\\/\",\"url\":\"https:\\\/\\\/www.fayansart.com\\\/en\\\/about-us\\\/\",\"name\":\"About Us -\",\"isPartOf\":{\"@id\":\"https:\\\/\\\/www.fayansart.com\\\/#website\"},\"datePublished\":\"2016-12-29T11:43:55+00:00\",\"dateModified\":\"2017-01-28T21:57:39+00:00\",\"breadcrumb\":{\"@id\":\"https:\\\/\\\/www.fayansart.com\\\/en\\\/about-us\\\/#breadcrumb\"},\"inLanguage\":\"en-US\",\"potentialAction\":[{\"@type\":\"ReadAction\",\"target\":[\"https:\\\/\\\/www.fayansart.com\\\/en\\\/about-us\\\/\"]}]},{\"@type\":\"BreadcrumbList\",\"@id\":\"https:\\\/\\\/www.fayansart.com\\\/en\\\/about-us\\\/#breadcrumb\",\"itemListElement\":[{\"@type\":\"ListItem\",\"position\":1,\"name\":\"Home\",\"item\":\"https:\\\/\\\/www.fayansart.com\\\/en\\\/\"},{\"@type\":\"ListItem\",\"position\":2,\"name\":\"About Us\"}]},{\"@type\":\"WebSite\",\"@id\":\"https:\\\/\\\/www.fayansart.com\\\/#website\",\"url\":\"https:\\\/\\\/www.fayansart.com\\\/\",\"name\":\"Fayans \u00dczerine \u0130\u015flenen Sanat\",\"description\":\"FayansArt Seramik Bask\u0131\",\"publisher\":{\"@id\":\"https:\\\/\\\/www.fayansart.com\\\/#organization\"},\"potentialAction\":[{\"@type\":\"SearchAction\",\"target\":{\"@type\":\"EntryPoint\",\"urlTemplate\":\"https:\\\/\\\/www.fayansart.com\\\/?s={search_term_string}\"},\"query-input\":{\"@type\":\"PropertyValueSpecification\",\"valueRequired\":true,\"valueName\":\"search_term_string\"}}],\"inLanguage\":\"en-US\"},{\"@type\":\"Organization\",\"@id\":\"https:\\\/\\\/www.fayansart.com\\\/#organization\",\"name\":\"FayansArt\",\"url\":\"https:\\\/\\\/www.fayansart.com\\\/\",\"logo\":{\"@type\":\"ImageObject\",\"inLanguage\":\"en-US\",\"@id\":\"https:\\\/\\\/www.fayansart.com\\\/#\\\/schema\\\/logo\\\/image\\\/\",\"url\":\"https:\\\/\\\/www.fayansart.com\\\/wp-content\\\/uploads\\\/FayansArt-PC-Logo-.png\",\"contentUrl\":\"https:\\\/\\\/www.fayansart.com\\\/wp-content\\\/uploads\\\/FayansArt-PC-Logo-.png\",\"width\":150,\"height\":54,\"caption\":\"FayansArt\"},\"image\":{\"@id\":\"https:\\\/\\\/www.fayansart.com\\\/#\\\/schema\\\/logo\\\/image\\\/\"}}]}<\/script>\n<!-- \/ Yoast SEO plugin. -->","yoast_head_json":{"title":"About Us -","robots":{"index":"index","follow":"follow","max-snippet":"max-snippet:-1","max-image-preview":"max-image-preview:large","max-video-preview":"max-video-preview:-1"},"canonical":"https:\/\/www.fayansart.com\/en\/about-us\/","og_locale":"en_US","og_type":"article","og_title":"About Us -","og_url":"https:\/\/www.fayansart.com\/en\/about-us\/","og_site_name":"Fayans \u00dczerine \u0130\u015flenen Sanat","article_modified_time":"2017-01-28T21:57:39+00:00","twitter_card":"summary_large_image","twitter_misc":{"Est. reading time":"7 minutes"},"schema":{"@context":"https:\/\/schema.org","@graph":[{"@type":"WebPage","@id":"https:\/\/www.fayansart.com\/en\/about-us\/","url":"https:\/\/www.fayansart.com\/en\/about-us\/","name":"About Us -","isPartOf":{"@id":"https:\/\/www.fayansart.com\/#website"},"datePublished":"2016-12-29T11:43:55+00:00","dateModified":"2017-01-28T21:57:39+00:00","breadcrumb":{"@id":"https:\/\/www.fayansart.com\/en\/about-us\/#breadcrumb"},"inLanguage":"en-US","potentialAction":[{"@type":"ReadAction","target":["https:\/\/www.fayansart.com\/en\/about-us\/"]}]},{"@type":"BreadcrumbList","@id":"https:\/\/www.fayansart.com\/en\/about-us\/#breadcrumb","itemListElement":[{"@type":"ListItem","position":1,"name":"Home","item":"https:\/\/www.fayansart.com\/en\/"},{"@type":"ListItem","position":2,"name":"About Us"}]},{"@type":"WebSite","@id":"https:\/\/www.fayansart.com\/#website","url":"https:\/\/www.fayansart.com\/","name":"Fayans \u00dczerine \u0130\u015flenen Sanat","description":"FayansArt Seramik Bask\u0131","publisher":{"@id":"https:\/\/www.fayansart.com\/#organization"},"potentialAction":[{"@type":"SearchAction","target":{"@type":"EntryPoint","urlTemplate":"https:\/\/www.fayansart.com\/?s={search_term_string}"},"query-input":{"@type":"PropertyValueSpecification","valueRequired":true,"valueName":"search_term_string"}}],"inLanguage":"en-US"},{"@type":"Organization","@id":"https:\/\/www.fayansart.com\/#organization","name":"FayansArt","url":"https:\/\/www.fayansart.com\/","logo":{"@type":"ImageObject","inLanguage":"en-US","@id":"https:\/\/www.fayansart.com\/#\/schema\/logo\/image\/","url":"https:\/\/www.fayansart.com\/wp-content\/uploads\/FayansArt-PC-Logo-.png","contentUrl":"https:\/\/www.fayansart.com\/wp-content\/uploads\/FayansArt-PC-Logo-.png","width":150,"height":54,"caption":"FayansArt"},"image":{"@id":"https:\/\/www.fayansart.com\/#\/schema\/logo\/image\/"}}]}},"_links":{"self":[{"href":"https:\/\/www.fayansart.com\/en\/wp-json\/wp\/v2\/pages\/1304","targetHints":{"allow":["GET"]}}],"collection":[{"href":"https:\/\/www.fayansart.com\/en\/wp-json\/wp\/v2\/pages"}],"about":[{"href":"https:\/\/www.fayansart.com\/en\/wp-json\/wp\/v2\/types\/page"}],"author":[{"embeddable":true,"href":"https:\/\/www.fayansart.com\/en\/wp-json\/wp\/v2\/users\/5"}],"replies":[{"embeddable":true,"href":"https:\/\/www.fayansart.com\/en\/wp-json\/wp\/v2\/comments?post=1304"}],"version-history":[{"count":0,"href":"https:\/\/www.fayansart.com\/en\/wp-json\/wp\/v2\/pages\/1304\/revisions"}],"wp:attachment":[{"href":"https:\/\/www.fayansart.com\/en\/wp-json\/wp\/v2\/media?parent=1304"}],"curies":[{"name":"wp","href":"https:\/\/api.w.org\/{rel}","templated":true}]}}