

{"id":2424,"date":"2017-01-02T09:47:51","date_gmt":"2017-01-02T09:47:51","guid":{"rendered":"https:\/\/www.fayansart.com\/dev\/?page_id=2424\/"},"modified":"2018-01-02T14:03:05","modified_gmt":"2018-01-02T14:03:05","slug":"fayans-art-representatives","status":"publish","type":"page","link":"https:\/\/www.fayansart.com\/en\/fayans-art-representatives\/","title":{"rendered":"Fayans Art Representatives"},"content":{"rendered":"<p><div class=\"fusion-fullwidth fullwidth-box fusion-builder-row-1 nonhundred-percent-fullwidth non-hundred-percent-height-scrolling\" style=\"--awb-border-radius-top-left:0px;--awb-border-radius-top-right:0px;--awb-border-radius-bottom-right:0px;--awb-border-radius-bottom-left:0px;--awb-padding-top:0px;--awb-padding-bottom:20px;--awb-margin-top:0px;--awb-flex-wrap:wrap;\" ><div class=\"fusion-builder-row fusion-row\"><div class=\"fusion-layout-column fusion_builder_column fusion-builder-column-0 fusion_builder_column_1_1 1_1 fusion-one-full fusion-column-first fusion-column-last\" style=\"--awb-bg-size:cover;\"><div class=\"fusion-column-wrapper fusion-flex-column-wrapper-legacy\"><div class=\"fusion-image-element fusion-image-align-center in-legacy-container\" style=\"text-align:center;--awb-caption-title-font-family:var(--h2_typography-font-family);--awb-caption-title-font-weight:var(--h2_typography-font-weight);--awb-caption-title-font-style:var(--h2_typography-font-style);--awb-caption-title-size:var(--h2_typography-font-size);--awb-caption-title-transform:var(--h2_typography-text-transform);--awb-caption-title-line-height:var(--h2_typography-line-height);--awb-caption-title-letter-spacing:var(--h2_typography-letter-spacing);\"><div class=\"imageframe-align-center\"><span class=\" fusion-imageframe imageframe-dropshadow imageframe-1 hover-type-none\" style=\"border-radius:5px;-webkit-box-shadow: 3px 3px 7px rgba(0,0,0,0.3);box-shadow: 3px 3px 7px rgba(0,0,0,0.3);\"><img decoding=\"async\" width=\"1920\" height=\"1080\" alt=\"FayansArt Representatives\" title=\"FayansArt Representatives\" src=\"https:\/\/www.fayansart.com\/wp-content\/uploads\/FayansArt-Temsilcilikleri.jpg\" class=\"img-responsive wp-image-2403\" srcset=\"https:\/\/www.fayansart.com\/wp-content\/uploads\/FayansArt-Temsilcilikleri-200x113.jpg 200w, https:\/\/www.fayansart.com\/wp-content\/uploads\/FayansArt-Temsilcilikleri-400x225.jpg 400w, https:\/\/www.fayansart.com\/wp-content\/uploads\/FayansArt-Temsilcilikleri-600x338.jpg 600w, https:\/\/www.fayansart.com\/wp-content\/uploads\/FayansArt-Temsilcilikleri-800x450.jpg 800w, https:\/\/www.fayansart.com\/wp-content\/uploads\/FayansArt-Temsilcilikleri-1200x675.jpg 1200w, https:\/\/www.fayansart.com\/wp-content\/uploads\/FayansArt-Temsilcilikleri.jpg 1920w\" sizes=\"(max-width: 800px) 100vw, 1200px\" \/><\/span><\/div><\/div><div class=\"fusion-clearfix\"><\/div><\/div><\/div><\/div><\/div><div class=\"fusion-fullwidth fullwidth-box fusion-builder-row-2 nonhundred-percent-fullwidth non-hundred-percent-height-scrolling\" style=\"--awb-border-radius-top-left:0px;--awb-border-radius-top-right:0px;--awb-border-radius-bottom-right:0px;--awb-border-radius-bottom-left:0px;--awb-padding-top:20px;--awb-padding-bottom:20px;--awb-flex-wrap:wrap;\" ><div class=\"fusion-builder-row fusion-row\"><div class=\"fusion-layout-column fusion_builder_column fusion-builder-column-1 fusion_builder_column_1_3 1_3 fusion-one-third fusion-column-first\" style=\"--awb-bg-size:cover;width:33.333333333333%;width:calc(33.333333333333% - ( ( 4% + 4% ) * 0.33333333333333 ) );margin-right: 4%;\"><div class=\"fusion-column-wrapper fusion-flex-column-wrapper-legacy\"><div class=\"fusion-image-element fusion-image-align-center in-legacy-container\" style=\"text-align:center;--awb-caption-title-font-family:var(--h2_typography-font-family);--awb-caption-title-font-weight:var(--h2_typography-font-weight);--awb-caption-title-font-style:var(--h2_typography-font-style);--awb-caption-title-size:var(--h2_typography-font-size);--awb-caption-title-transform:var(--h2_typography-text-transform);--awb-caption-title-line-height:var(--h2_typography-line-height);--awb-caption-title-letter-spacing:var(--h2_typography-letter-spacing);\"><div class=\"imageframe-align-center\"><span class=\" fusion-imageframe imageframe-none imageframe-2 hover-type-zoomin\"><img decoding=\"async\" width=\"300\" height=\"180\" alt=\"FayansArt Turkey Representive\" title=\"FayansArt Turkey Representatives\" src=\"https:\/\/www.fayansart.com\/wp-content\/uploads\/FayansArt-Turkey-Temsilciligi.png\" class=\"img-responsive wp-image-2414\" srcset=\"https:\/\/www.fayansart.com\/wp-content\/uploads\/FayansArt-Turkey-Temsilciligi-200x120.png 200w, https:\/\/www.fayansart.com\/wp-content\/uploads\/FayansArt-Turkey-Temsilciligi.png 300w\" sizes=\"(max-width: 800px) 100vw, 300px\" \/><\/span><\/div><\/div><div class=\"fusion-text fusion-text-1\"><p style=\"text-align: center;\"><span style=\"color: #000000;\"><strong>Fayans Art<\/strong><br \/>\nSeyhli Mh. Kurucesme Sk. No.3 Pendik &#8211; \u0130stanbul \/ TURKEY<br \/>\n<b>+90 216 217 06 17<br \/>\n<a href=\"mailto:info@fayansart.com\">info@fayansart.com<\/a><\/b><\/span><\/p>\n<\/div><div class=\"fusion-clearfix\"><\/div><\/div><\/div><div class=\"fusion-layout-column fusion_builder_column fusion-builder-column-2 fusion_builder_column_1_3 1_3 fusion-one-third\" style=\"--awb-bg-size:cover;width:33.333333333333%;width:calc(33.333333333333% - ( ( 4% + 4% ) * 0.33333333333333 ) );margin-right: 4%;\"><div class=\"fusion-column-wrapper fusion-flex-column-wrapper-legacy\"><div class=\"fusion-image-element fusion-image-align-center in-legacy-container\" style=\"text-align:center;--awb-caption-title-font-family:var(--h2_typography-font-family);--awb-caption-title-font-weight:var(--h2_typography-font-weight);--awb-caption-title-font-style:var(--h2_typography-font-style);--awb-caption-title-size:var(--h2_typography-font-size);--awb-caption-title-transform:var(--h2_typography-text-transform);--awb-caption-title-line-height:var(--h2_typography-line-height);--awb-caption-title-letter-spacing:var(--h2_typography-letter-spacing);\"><div class=\"imageframe-align-center\"><span class=\" fusion-imageframe imageframe-none imageframe-3 hover-type-zoomin\"><img decoding=\"async\" width=\"300\" height=\"180\" alt=\"FayansArt Hollanda Representatives\" title=\"FayansArt Hollanda Representatives\" src=\"https:\/\/www.fayansart.com\/wp-content\/uploads\/FayansArt-Hollanda-Temsilciligi.png\" class=\"img-responsive wp-image-2408\" srcset=\"https:\/\/www.fayansart.com\/wp-content\/uploads\/FayansArt-Hollanda-Temsilciligi-200x120.png 200w, https:\/\/www.fayansart.com\/wp-content\/uploads\/FayansArt-Hollanda-Temsilciligi.png 300w\" sizes=\"(max-width: 800px) 100vw, 300px\" \/><\/span><\/div><\/div><div class=\"fusion-text fusion-text-2\"><p style=\"text-align: center;\"><strong>Net Afbouw<\/strong><br \/>\nHeining 87-89 1047 AZ Amsterdam<br \/>\n<b>Kantoor:<\/b> +31 20 447 29 64<br \/>\n<b>Directeur:<\/b> +31 6 50 900 223<br \/>\n<a href=\"mailto:info@netstoneworld.nl\">info@netstoneworld.nl<\/a><\/p>\n<\/div><div class=\"fusion-clearfix\"><\/div><\/div><\/div><div class=\"fusion-layout-column fusion_builder_column fusion-builder-column-3 fusion_builder_column_1_3 1_3 fusion-one-third fusion-column-last\" style=\"--awb-bg-size:cover;width:33.333333333333%;width:calc(33.333333333333% - ( ( 4% + 4% ) * 0.33333333333333 ) );\"><div class=\"fusion-column-wrapper fusion-flex-column-wrapper-legacy\"><div class=\"fusion-image-element fusion-image-align-center in-legacy-container\" style=\"text-align:center;--awb-caption-title-font-family:var(--h2_typography-font-family);--awb-caption-title-font-weight:var(--h2_typography-font-weight);--awb-caption-title-font-style:var(--h2_typography-font-style);--awb-caption-title-size:var(--h2_typography-font-size);--awb-caption-title-transform:var(--h2_typography-text-transform);--awb-caption-title-line-height:var(--h2_typography-line-height);--awb-caption-title-letter-spacing:var(--h2_typography-letter-spacing);\"><div class=\"imageframe-align-center\"><span class=\" fusion-imageframe imageframe-none imageframe-4 hover-type-zoomin\"><img decoding=\"async\" width=\"300\" height=\"180\" alt=\"FayansArt Iran Representatives\" title=\"FayansArt Iran Representatives\" src=\"https:\/\/www.fayansart.com\/wp-content\/uploads\/FayansArt-Iran-Temsilciligi.png\" class=\"img-responsive wp-image-2411\" srcset=\"https:\/\/www.fayansart.com\/wp-content\/uploads\/FayansArt-Iran-Temsilciligi-200x120.png 200w, https:\/\/www.fayansart.com\/wp-content\/uploads\/FayansArt-Iran-Temsilciligi.png 300w\" sizes=\"(max-width: 800px) 100vw, 300px\" \/><\/span><\/div><\/div><div class=\"fusion-text fusion-text-3\"><p style=\"text-align: center;\"><span style=\"color: #000000;\"><strong>Best International Group<\/strong><\/span><br \/>\n<span style=\"color: #000000;\">Unit 101, First Floor, No:2492, Tavanir St., Vali asr. St. Tehran<\/span><br \/>\n<span style=\"color: #000000;\"><b>+98 21 888 75 328<br \/>\n<a style=\"color: #000000;\" href=\"mailto:info@bestintgroup.com\">info@bestintgroup.com<\/a><\/b><\/span><br \/>\n<a href=\"http:\/\/bestartgroup.com\/\" target=\"_blank\" rel=\"noopener\">bestartgroup.com<\/a><\/p>\n<\/div><div class=\"fusion-clearfix\"><\/div><\/div><\/div><\/div><\/div><\/p>\n","protected":false},"excerpt":{"rendered":"","protected":false},"author":5,"featured_media":0,"parent":0,"menu_order":0,"comment_status":"closed","ping_status":"closed","template":"","meta":{"_monsterinsights_skip_tracking":false,"_monsterinsights_sitenote_active":false,"_monsterinsights_sitenote_note":"","_monsterinsights_sitenote_category":0,"footnotes":""},"class_list":["post-2424","page","type-page","status-publish","hentry"],"yoast_head":"<!-- This site is optimized with the Yoast SEO plugin v27.3 - https:\/\/yoast.com\/product\/yoast-seo-wordpress\/ -->\n<title>Fayans Art Representatives -<\/title>\n<meta name=\"description\" content=\"FayansArt is an international company that has representatives in Middle East and Europe.\" \/>\n<meta name=\"robots\" content=\"index, follow, max-snippet:-1, max-image-preview:large, max-video-preview:-1\" \/>\n<link rel=\"canonical\" href=\"https:\/\/www.fayansart.com\/en\/fayans-art-representatives\/\" \/>\n<meta property=\"og:locale\" content=\"en_US\" \/>\n<meta property=\"og:type\" content=\"article\" \/>\n<meta property=\"og:title\" content=\"Fayans Art Representatives -\" \/>\n<meta property=\"og:description\" content=\"FayansArt is an international company that has representatives in Middle East and Europe.\" \/>\n<meta property=\"og:url\" content=\"https:\/\/www.fayansart.com\/en\/fayans-art-representatives\/\" \/>\n<meta property=\"og:site_name\" content=\"Fayans \u00dczerine \u0130\u015flenen Sanat\" \/>\n<meta property=\"article:modified_time\" content=\"2018-01-02T14:03:05+00:00\" \/>\n<meta name=\"twitter:card\" content=\"summary_large_image\" \/>\n<meta name=\"twitter:label1\" content=\"Est. reading time\" \/>\n\t<meta name=\"twitter:data1\" content=\"3 minutes\" \/>\n<script type=\"application\/ld+json\" class=\"yoast-schema-graph\">{\"@context\":\"https:\\\/\\\/schema.org\",\"@graph\":[{\"@type\":\"WebPage\",\"@id\":\"https:\\\/\\\/www.fayansart.com\\\/en\\\/fayans-art-representatives\\\/\",\"url\":\"https:\\\/\\\/www.fayansart.com\\\/en\\\/fayans-art-representatives\\\/\",\"name\":\"Fayans Art Representatives -\",\"isPartOf\":{\"@id\":\"https:\\\/\\\/www.fayansart.com\\\/#website\"},\"datePublished\":\"2017-01-02T09:47:51+00:00\",\"dateModified\":\"2018-01-02T14:03:05+00:00\",\"description\":\"FayansArt is an international company that has representatives in Middle East and Europe.\",\"breadcrumb\":{\"@id\":\"https:\\\/\\\/www.fayansart.com\\\/en\\\/fayans-art-representatives\\\/#breadcrumb\"},\"inLanguage\":\"en-US\",\"potentialAction\":[{\"@type\":\"ReadAction\",\"target\":[\"https:\\\/\\\/www.fayansart.com\\\/en\\\/fayans-art-representatives\\\/\"]}]},{\"@type\":\"BreadcrumbList\",\"@id\":\"https:\\\/\\\/www.fayansart.com\\\/en\\\/fayans-art-representatives\\\/#breadcrumb\",\"itemListElement\":[{\"@type\":\"ListItem\",\"position\":1,\"name\":\"Home\",\"item\":\"https:\\\/\\\/www.fayansart.com\\\/en\\\/\"},{\"@type\":\"ListItem\",\"position\":2,\"name\":\"Fayans Art Representatives\"}]},{\"@type\":\"WebSite\",\"@id\":\"https:\\\/\\\/www.fayansart.com\\\/#website\",\"url\":\"https:\\\/\\\/www.fayansart.com\\\/\",\"name\":\"Fayans \u00dczerine \u0130\u015flenen Sanat\",\"description\":\"FayansArt Seramik Bask\u0131\",\"publisher\":{\"@id\":\"https:\\\/\\\/www.fayansart.com\\\/#organization\"},\"potentialAction\":[{\"@type\":\"SearchAction\",\"target\":{\"@type\":\"EntryPoint\",\"urlTemplate\":\"https:\\\/\\\/www.fayansart.com\\\/?s={search_term_string}\"},\"query-input\":{\"@type\":\"PropertyValueSpecification\",\"valueRequired\":true,\"valueName\":\"search_term_string\"}}],\"inLanguage\":\"en-US\"},{\"@type\":\"Organization\",\"@id\":\"https:\\\/\\\/www.fayansart.com\\\/#organization\",\"name\":\"FayansArt\",\"url\":\"https:\\\/\\\/www.fayansart.com\\\/\",\"logo\":{\"@type\":\"ImageObject\",\"inLanguage\":\"en-US\",\"@id\":\"https:\\\/\\\/www.fayansart.com\\\/#\\\/schema\\\/logo\\\/image\\\/\",\"url\":\"https:\\\/\\\/www.fayansart.com\\\/wp-content\\\/uploads\\\/FayansArt-PC-Logo-.png\",\"contentUrl\":\"https:\\\/\\\/www.fayansart.com\\\/wp-content\\\/uploads\\\/FayansArt-PC-Logo-.png\",\"width\":150,\"height\":54,\"caption\":\"FayansArt\"},\"image\":{\"@id\":\"https:\\\/\\\/www.fayansart.com\\\/#\\\/schema\\\/logo\\\/image\\\/\"}}]}<\/script>\n<!-- \/ Yoast SEO plugin. -->","yoast_head_json":{"title":"Fayans Art Representatives -","description":"FayansArt is an international company that has representatives in Middle East and Europe.","robots":{"index":"index","follow":"follow","max-snippet":"max-snippet:-1","max-image-preview":"max-image-preview:large","max-video-preview":"max-video-preview:-1"},"canonical":"https:\/\/www.fayansart.com\/en\/fayans-art-representatives\/","og_locale":"en_US","og_type":"article","og_title":"Fayans Art Representatives -","og_description":"FayansArt is an international company that has representatives in Middle East and Europe.","og_url":"https:\/\/www.fayansart.com\/en\/fayans-art-representatives\/","og_site_name":"Fayans \u00dczerine \u0130\u015flenen Sanat","article_modified_time":"2018-01-02T14:03:05+00:00","twitter_card":"summary_large_image","twitter_misc":{"Est. reading time":"3 minutes"},"schema":{"@context":"https:\/\/schema.org","@graph":[{"@type":"WebPage","@id":"https:\/\/www.fayansart.com\/en\/fayans-art-representatives\/","url":"https:\/\/www.fayansart.com\/en\/fayans-art-representatives\/","name":"Fayans Art Representatives -","isPartOf":{"@id":"https:\/\/www.fayansart.com\/#website"},"datePublished":"2017-01-02T09:47:51+00:00","dateModified":"2018-01-02T14:03:05+00:00","description":"FayansArt is an international company that has representatives in Middle East and Europe.","breadcrumb":{"@id":"https:\/\/www.fayansart.com\/en\/fayans-art-representatives\/#breadcrumb"},"inLanguage":"en-US","potentialAction":[{"@type":"ReadAction","target":["https:\/\/www.fayansart.com\/en\/fayans-art-representatives\/"]}]},{"@type":"BreadcrumbList","@id":"https:\/\/www.fayansart.com\/en\/fayans-art-representatives\/#breadcrumb","itemListElement":[{"@type":"ListItem","position":1,"name":"Home","item":"https:\/\/www.fayansart.com\/en\/"},{"@type":"ListItem","position":2,"name":"Fayans Art Representatives"}]},{"@type":"WebSite","@id":"https:\/\/www.fayansart.com\/#website","url":"https:\/\/www.fayansart.com\/","name":"Fayans \u00dczerine \u0130\u015flenen Sanat","description":"FayansArt Seramik Bask\u0131","publisher":{"@id":"https:\/\/www.fayansart.com\/#organization"},"potentialAction":[{"@type":"SearchAction","target":{"@type":"EntryPoint","urlTemplate":"https:\/\/www.fayansart.com\/?s={search_term_string}"},"query-input":{"@type":"PropertyValueSpecification","valueRequired":true,"valueName":"search_term_string"}}],"inLanguage":"en-US"},{"@type":"Organization","@id":"https:\/\/www.fayansart.com\/#organization","name":"FayansArt","url":"https:\/\/www.fayansart.com\/","logo":{"@type":"ImageObject","inLanguage":"en-US","@id":"https:\/\/www.fayansart.com\/#\/schema\/logo\/image\/","url":"https:\/\/www.fayansart.com\/wp-content\/uploads\/FayansArt-PC-Logo-.png","contentUrl":"https:\/\/www.fayansart.com\/wp-content\/uploads\/FayansArt-PC-Logo-.png","width":150,"height":54,"caption":"FayansArt"},"image":{"@id":"https:\/\/www.fayansart.com\/#\/schema\/logo\/image\/"}}]}},"_links":{"self":[{"href":"https:\/\/www.fayansart.com\/en\/wp-json\/wp\/v2\/pages\/2424","targetHints":{"allow":["GET"]}}],"collection":[{"href":"https:\/\/www.fayansart.com\/en\/wp-json\/wp\/v2\/pages"}],"about":[{"href":"https:\/\/www.fayansart.com\/en\/wp-json\/wp\/v2\/types\/page"}],"author":[{"embeddable":true,"href":"https:\/\/www.fayansart.com\/en\/wp-json\/wp\/v2\/users\/5"}],"replies":[{"embeddable":true,"href":"https:\/\/www.fayansart.com\/en\/wp-json\/wp\/v2\/comments?post=2424"}],"version-history":[{"count":0,"href":"https:\/\/www.fayansart.com\/en\/wp-json\/wp\/v2\/pages\/2424\/revisions"}],"wp:attachment":[{"href":"https:\/\/www.fayansart.com\/en\/wp-json\/wp\/v2\/media?parent=2424"}],"curies":[{"name":"wp","href":"https:\/\/api.w.org\/{rel}","templated":true}]}}