

{"id":1298,"date":"2016-12-29T11:17:37","date_gmt":"2016-12-29T11:17:37","guid":{"rendered":"https:\/\/www.fayansart.com\/dev\/?page_id=1298\/"},"modified":"2020-12-06T23:10:07","modified_gmt":"2020-12-06T20:10:07","slug":"over-ons","status":"publish","type":"page","link":"https:\/\/www.fayansart.com\/nl\/over-ons\/","title":{"rendered":"Over Ons"},"content":{"rendered":"<p><div class=\"fusion-fullwidth fullwidth-box fusion-builder-row-1 nonhundred-percent-fullwidth non-hundred-percent-height-scrolling\" style=\"--awb-background-position:left top;--awb-border-sizes-top:0px;--awb-border-sizes-bottom:0px;--awb-border-sizes-left:0px;--awb-border-sizes-right:0px;--awb-border-radius-top-left:0px;--awb-border-radius-top-right:0px;--awb-border-radius-bottom-right:0px;--awb-border-radius-bottom-left:0px;--awb-padding-top:150px;--awb-padding-bottom:150px;--awb-flex-wrap:wrap;\" ><div class=\"fusion-builder-row fusion-row\"><div class=\"fusion-layout-column fusion_builder_column fusion-builder-column-0 fusion_builder_column_1_2 1_2 fusion-one-half fusion-column-first\" style=\"--awb-bg-size:cover;width:48%; margin-right: 4%;\"><div class=\"fusion-column-wrapper fusion-flex-column-wrapper-legacy\"><div class=\"fusion-text fusion-text-1\"><h1><span style=\"color: #000000;\">FAYANSART<\/span><\/h1>\n<\/div><div class=\"fusion-sep-clear\"><\/div><div class=\"fusion-separator fusion-clearfix\" style=\"float:left;margin-top:0px;margin-bottom:35px;width:100%;max-width:170px;\"><div class=\"fusion-separator-border sep-single sep-solid\" style=\"--awb-height:20px;--awb-amount:20px;--awb-sep-color:#e2e3e8;border-color:#e2e3e8;border-top-width:3px;\"><\/div><\/div><div class=\"fusion-sep-clear\"><\/div><div class=\"fusion-text fusion-text-2\"><h3><em>Vertrouwen, bewezen resultaten en positieve feedback, keer op keer.<\/em><\/h3>\n<\/div><div class=\"fusion-text fusion-text-3\"><p>FayansArt is een merk van Boran Reklam, opgericht in 1994 met als doel kwaliteitsproductie en continu\u00efteit. FayansArt is gespecialiseerd in printen op keramiek, tegels, tegels, natuursteen en decoratieve prints en heeft een hoge naamsbekendheid in de markt.<\/p>\n<\/div><div class=\"fusion-clearfix\"><\/div><\/div><\/div><div class=\"fusion-layout-column fusion_builder_column fusion-builder-column-1 fusion_builder_column_1_2 1_2 fusion-one-half fusion-column-last\" style=\"--awb-bg-size:cover;width:48%;\"><div class=\"fusion-column-wrapper fusion-flex-column-wrapper-legacy\"><div class=\"fusion-image-element in-legacy-container\" style=\"--awb-caption-title-font-family:var(--h2_typography-font-family);--awb-caption-title-font-weight:var(--h2_typography-font-weight);--awb-caption-title-font-style:var(--h2_typography-font-style);--awb-caption-title-size:var(--h2_typography-font-size);--awb-caption-title-transform:var(--h2_typography-text-transform);--awb-caption-title-line-height:var(--h2_typography-line-height);--awb-caption-title-letter-spacing:var(--h2_typography-letter-spacing);\"><span class=\" fusion-imageframe imageframe-none imageframe-1 hover-type-zoomin fusion-animated\" data-animationType=\"fadeInDown\" data-animationDuration=\"1.0\" data-animationOffset=\"top-into-view\"><a href=\"https:\/\/www.fayansart.com\/wp-content\/uploads\/\/Banyo-Fayans-1024x587.jpg\" class=\"fusion-lightbox\" data-rel=\"iLightbox[6d1fac815ef258bf122]\" data-title=\"Banyo Fayans\" title=\"Banyo Fayans\"><img decoding=\"async\" width=\"1024\" height=\"587\" src=\"https:\/\/www.fayansart.com\/wp-content\/uploads\/\/Banyo-Fayans-1024x587.jpg\" alt class=\"img-responsive wp-image-1044\" srcset=\"https:\/\/www.fayansart.com\/wp-content\/uploads\/Banyo-Fayans-200x115.jpg 200w, https:\/\/www.fayansart.com\/wp-content\/uploads\/Banyo-Fayans-400x229.jpg 400w, https:\/\/www.fayansart.com\/wp-content\/uploads\/Banyo-Fayans-600x344.jpg 600w, https:\/\/www.fayansart.com\/wp-content\/uploads\/Banyo-Fayans-800x458.jpg 800w, https:\/\/www.fayansart.com\/wp-content\/uploads\/Banyo-Fayans-1200x688.jpg 1200w, https:\/\/www.fayansart.com\/wp-content\/uploads\/Banyo-Fayans.jpg 1417w\" sizes=\"(max-width: 800px) 100vw, 600px\" \/><\/a><\/span><\/div><div class=\"fusion-sep-clear\"><\/div><div class=\"fusion-separator fusion-full-width-sep\" style=\"margin-left: auto;margin-right: auto;margin-top:40px;width:100%;\"><\/div><div class=\"fusion-sep-clear\"><\/div><div class=\"fusion-text fusion-text-4\"><p>Kunst en tegels in \u00e9\u00e9n, tegels met oneindige mogelijkheden. Wij stellen u in staat om op maat gemaakte achterwanden, muurschilderingen en wandontwerpen te maken &#8211; een perfecte manier dus om restaurants, hotels en coffeeshops van leuke bedrijfslogo&#8217;s en originele kunstwerken te voorzien.<\/p>\n<\/div><div class=\"fusion-clearfix\"><\/div><\/div><\/div><\/div><\/div><div class=\"fusion-bg-parallax\" data-bg-align=\"left top\" data-direction=\"up\" data-mute=\"false\" data-opacity=\"100\" data-velocity=\"-0.3\" data-mobile-enabled=\"false\" data-break_parents=\"0\" data-bg-image=\"https:\/\/www.fayansart.com\/wp-content\/uploads\/2015\/05\/st-lucia.jpg\" data-bg-repeat=\"false\" ><\/div><div class=\"fusion-fullwidth fullwidth-box fusion-builder-row-2 fusion-parallax-up nonhundred-percent-fullwidth non-hundred-percent-height-scrolling\" style=\"--awb-background-position:left top;--awb-border-sizes-top:0px;--awb-border-sizes-bottom:0px;--awb-border-sizes-left:0px;--awb-border-sizes-right:0px;--awb-border-radius-top-left:0px;--awb-border-radius-top-right:0px;--awb-border-radius-bottom-right:0px;--awb-border-radius-bottom-left:0px;--awb-padding-top:150px;--awb-padding-bottom:150px;--awb-background-image:url(&quot;https:\/\/www.fayansart.com\/wp-content\/uploads\/2015\/05\/st-lucia.jpg&quot;);--awb-background-size:cover;--awb-flex-wrap:wrap;\" ><div class=\"fusion-builder-row fusion-row\"><div class=\"fusion-layout-column fusion_builder_column fusion-builder-column-2 fusion_builder_column_1_1 1_1 fusion-one-full fusion-column-first fusion-column-last fusion-column-no-min-height\" style=\"--awb-bg-size:cover;--awb-margin-bottom:0px;\"><div class=\"fusion-column-wrapper fusion-flex-column-wrapper-legacy\"><div class=\"fusion-text fusion-text-5\"><h2><span style=\"color: #ffffff;\">Geprinte Tegelproducten<\/span><\/h2>\n<h3><span style=\"color: #ffffff;\"><em>Ons bedrijf, dat het printen van tegels als een passie beschouwt, stelt zijn producten tentoon in vele woonruimtes via zijn distributeurs in vele delen van de wereld.<\/em><\/span><\/h3>\n<\/div><div class=\"fusion-sep-clear\"><\/div><div class=\"fusion-separator fusion-full-width-sep\" style=\"margin-left: auto;margin-right: auto;margin-top:60px;width:100%;\"><\/div><div class=\"fusion-sep-clear\"><\/div><div class=\"fusion-clearfix\"><\/div><\/div><\/div><div class=\"fusion-layout-column fusion_builder_column fusion-builder-column-3 fusion_builder_column_1_2 1_2 fusion-one-half fusion-column-first\" style=\"--awb-bg-size:cover;--awb-margin-bottom:40px;width:48%; margin-right: 4%;\"><div class=\"fusion-column-wrapper fusion-flex-column-wrapper-legacy\"><div class=\"fusion-progressbar\" style=\"--awb-maximum-value-wrapper-width:9%;\"><div class=\"fusion-progressbar-bar progress-bar\"><div class=\"progress progress-bar-content not-animated\" role=\"progressbar\" aria-labelledby=\"awb-progressbar-label-1\" aria-valuemin=\"0\" aria-valuemax=\"100\" aria-valuenow=\"91\" data-filling-speed=\"600\"><span class=\"progress-title awb-on-bar\"><span class=\"fusion-progressbar-text\" id=\"awb-progressbar-label-1\">BADKAMER TEGELS<\/span> <span class=\"fusion-progressbar-value\">91%<\/span><\/span><\/div><span class=\"awb-pb-max-value-wrap awb-on-bar\"><span class=\"awb-pb-max-value-text\"><\/span><\/span><\/div><\/div><div class=\"fusion-sep-clear\"><\/div><div class=\"fusion-separator fusion-full-width-sep\" style=\"margin-left: auto;margin-right: auto;margin-top:40px;width:100%;\"><\/div><div class=\"fusion-sep-clear\"><\/div><div class=\"fusion-progressbar\" style=\"--awb-maximum-value-wrapper-width:7%;\"><div class=\"fusion-progressbar-bar progress-bar\"><div class=\"progress progress-bar-content not-animated\" role=\"progressbar\" aria-labelledby=\"awb-progressbar-label-2\" aria-valuemin=\"0\" aria-valuemax=\"100\" aria-valuenow=\"93\" data-filling-speed=\"600\"><span class=\"progress-title awb-on-bar\"><span class=\"fusion-progressbar-text\" id=\"awb-progressbar-label-2\">ARCHITECTURALE PROJECTEN <\/span> <span class=\"fusion-progressbar-value\">93%<\/span><\/span><\/div><span class=\"awb-pb-max-value-wrap awb-on-bar\"><span class=\"awb-pb-max-value-text\"><\/span><\/span><\/div><\/div><div class=\"fusion-clearfix\"><\/div><\/div><\/div><div class=\"fusion-layout-column fusion_builder_column fusion-builder-column-4 fusion_builder_column_1_2 1_2 fusion-one-half fusion-column-last\" style=\"--awb-bg-size:cover;width:48%;\"><div class=\"fusion-column-wrapper fusion-flex-column-wrapper-legacy\"><div class=\"fusion-progressbar\" style=\"--awb-maximum-value-wrapper-width:7%;\"><div class=\"fusion-progressbar-bar progress-bar\"><div class=\"progress progress-bar-content not-animated\" role=\"progressbar\" aria-labelledby=\"awb-progressbar-label-3\" aria-valuemin=\"0\" aria-valuemax=\"100\" aria-valuenow=\"93\" data-filling-speed=\"600\"><span class=\"progress-title awb-on-bar\"><span class=\"fusion-progressbar-text\" id=\"awb-progressbar-label-3\">KEUKENTEGELS<\/span> <span class=\"fusion-progressbar-value\">93%<\/span><\/span><\/div><span class=\"awb-pb-max-value-wrap awb-on-bar\"><span class=\"awb-pb-max-value-text\"><\/span><\/span><\/div><\/div><div class=\"fusion-sep-clear\"><\/div><div class=\"fusion-separator fusion-full-width-sep\" style=\"margin-left: auto;margin-right: auto;margin-top:40px;width:100%;\"><\/div><div class=\"fusion-sep-clear\"><\/div><div class=\"fusion-progressbar\" style=\"--awb-maximum-value-wrapper-width:2%;\"><div class=\"fusion-progressbar-bar progress-bar\"><div class=\"progress progress-bar-content not-animated\" role=\"progressbar\" aria-labelledby=\"awb-progressbar-label-4\" aria-valuemin=\"0\" aria-valuemax=\"100\" aria-valuenow=\"98\" data-filling-speed=\"600\"><span class=\"progress-title awb-on-bar\"><span class=\"fusion-progressbar-text\" id=\"awb-progressbar-label-4\">ZWEMBAD &#8211; SPA &#8211; HAMMAM TEGELS<\/span> <span class=\"fusion-progressbar-value\">98%<\/span><\/span><\/div><span class=\"awb-pb-max-value-wrap awb-on-bar\"><span class=\"awb-pb-max-value-text\"><\/span><\/span><\/div><\/div><div class=\"fusion-sep-clear\"><\/div><div class=\"fusion-separator fusion-full-width-sep\" style=\"margin-left: auto;margin-right: auto;margin-top:40px;width:100%;\"><\/div><div class=\"fusion-sep-clear\"><\/div><div class=\"fusion-progressbar\" style=\"--awb-maximum-value-wrapper-width:4%;\"><div class=\"fusion-progressbar-bar progress-bar\"><div class=\"progress progress-bar-content not-animated\" role=\"progressbar\" aria-labelledby=\"awb-progressbar-label-5\" aria-valuemin=\"0\" aria-valuemax=\"100\" aria-valuenow=\"96\" data-filling-speed=\"600\"><span class=\"progress-title awb-on-bar\"><span class=\"fusion-progressbar-text\" id=\"awb-progressbar-label-5\">CAFE RESTAURANT TEGELS <\/span> <span class=\"fusion-progressbar-value\">96%<\/span><\/span><\/div><span class=\"awb-pb-max-value-wrap awb-on-bar\"><span class=\"awb-pb-max-value-text\"><\/span><\/span><\/div><\/div><div class=\"fusion-clearfix\"><\/div><\/div><\/div><\/div><\/div><div class=\"fusion-fullwidth fullwidth-box fusion-builder-row-3 nonhundred-percent-fullwidth non-hundred-percent-height-scrolling\" style=\"--awb-background-position:left top;--awb-border-sizes-top:0px;--awb-border-sizes-bottom:0px;--awb-border-sizes-left:0px;--awb-border-sizes-right:0px;--awb-border-radius-top-left:0px;--awb-border-radius-top-right:0px;--awb-border-radius-bottom-right:0px;--awb-border-radius-bottom-left:0px;--awb-padding-top:150px;--awb-padding-bottom:30px;--awb-flex-wrap:wrap;\" ><div class=\"fusion-builder-row fusion-row\"><div class=\"fusion-layout-column fusion_builder_column fusion-builder-column-5 fusion_builder_column_1_3 1_3 fusion-one-third fusion-column-first\" style=\"--awb-bg-position:right center;--awb-bg-size:cover;--awb-border-color:#e0dede;--awb-border-right:3px;--awb-border-style:solid;--awb-margin-bottom:0px;width:30.6666%; margin-right: 4%;\"><div class=\"fusion-column-wrapper fusion-flex-column-wrapper-legacy\"><div class=\"fusion-text fusion-text-6\"><h2>ONZE KWALITEIT<\/h2>\n<\/div><div class=\"fusion-clearfix\"><\/div><\/div><\/div><div class=\"fusion-layout-column fusion_builder_column fusion-builder-column-6 fusion_builder_column_2_3 2_3 fusion-two-third fusion-column-last\" style=\"--awb-bg-size:cover;--awb-margin-bottom:100px;width:65.3333%;\"><div class=\"fusion-column-wrapper fusion-flex-column-wrapper-legacy\"><div class=\"fusion-text fusion-text-7\"><h4>Dankzij onze ervaring, expertise en moderne productietechnieken kunnen wij al uw printwensen waar maken. Met ons breed scala aan FayansArt applicaties kunt u uw badkamer, keuken, hotelinterieur een nieuwe boost geven.<\/h4>\n<\/div><div class=\"fusion-clearfix\"><\/div><\/div><\/div><\/div><\/div><div class=\"fusion-fullwidth fullwidth-box fusion-builder-row-4 nonhundred-percent-fullwidth non-hundred-percent-height-scrolling fusion-equal-height-columns\" style=\"--awb-background-position:left top;--awb-border-sizes-top:0px;--awb-border-sizes-bottom:0px;--awb-border-sizes-left:0px;--awb-border-sizes-right:0px;--awb-border-radius-top-left:0px;--awb-border-radius-top-right:0px;--awb-border-radius-bottom-right:0px;--awb-border-radius-bottom-left:0px;--awb-padding-top:35px;--awb-padding-bottom:140px;--awb-flex-wrap:wrap;\" ><div class=\"fusion-builder-row fusion-row\"><div class=\"fusion-layout-column fusion_builder_column fusion-builder-column-7 fusion_builder_column_1_3 1_3 fusion-one-third fusion-column-first\" style=\"--awb-bg-color:#f8f8f8;--awb-bg-color-hover:#f8f8f8;--awb-bg-size:cover;--awb-margin-bottom:40px;width:30.6666%; margin-right: 4%;\"><div class=\"fusion-column-wrapper fusion-flex-column-wrapper-legacy\"><div class=\"fusion-image-element fusion-image-align-center in-legacy-container\" style=\"text-align:center;--awb-caption-title-font-family:var(--h2_typography-font-family);--awb-caption-title-font-weight:var(--h2_typography-font-weight);--awb-caption-title-font-style:var(--h2_typography-font-style);--awb-caption-title-size:var(--h2_typography-font-size);--awb-caption-title-transform:var(--h2_typography-text-transform);--awb-caption-title-line-height:var(--h2_typography-line-height);--awb-caption-title-letter-spacing:var(--h2_typography-letter-spacing);\"><div class=\"imageframe-align-center\"><span class=\" fusion-imageframe imageframe-none imageframe-2 hover-type-zoomin\"><a href=\"https:\/\/www.fayansart.com\/wp-content\/uploads\/FayansArt-Proje.jpg\" class=\"fusion-lightbox\" data-rel=\"iLightbox[cf66b9f42194e7bf06c]\" data-title=\"FayansArt Proje\" title=\"FayansArt Proje\"><img decoding=\"async\" width=\"600\" height=\"600\" src=\"https:\/\/www.fayansart.com\/wp-content\/uploads\/FayansArt-Proje.jpg\" alt class=\"img-responsive wp-image-2431\" srcset=\"https:\/\/www.fayansart.com\/wp-content\/uploads\/FayansArt-Proje-200x200.jpg 200w, https:\/\/www.fayansart.com\/wp-content\/uploads\/FayansArt-Proje-400x400.jpg 400w, https:\/\/www.fayansart.com\/wp-content\/uploads\/FayansArt-Proje.jpg 600w\" sizes=\"(max-width: 800px) 100vw, 400px\" \/><\/a><\/span><\/div><\/div><div class=\"fusion-text fusion-text-8\"><div style=\"padding: 25px;\">\n<h4>PROJECTEN<\/h4>\n<p>Na een behoeftanalyse adviseert ons team de meest geschikte materialen voor uw project.<\/p>\n<\/div>\n<\/div><div class=\"fusion-clearfix\"><\/div><\/div><\/div><div class=\"fusion-layout-column fusion_builder_column fusion-builder-column-8 fusion_builder_column_1_3 1_3 fusion-one-third\" style=\"--awb-bg-color:#f8f8f8;--awb-bg-color-hover:#f8f8f8;--awb-bg-size:cover;--awb-margin-bottom:40px;width:30.6666%; margin-right: 4%;\"><div class=\"fusion-column-wrapper fusion-flex-column-wrapper-legacy\"><div class=\"fusion-image-element fusion-image-align-center in-legacy-container\" style=\"text-align:center;--awb-caption-title-font-family:var(--h2_typography-font-family);--awb-caption-title-font-weight:var(--h2_typography-font-weight);--awb-caption-title-font-style:var(--h2_typography-font-style);--awb-caption-title-size:var(--h2_typography-font-size);--awb-caption-title-transform:var(--h2_typography-text-transform);--awb-caption-title-line-height:var(--h2_typography-line-height);--awb-caption-title-letter-spacing:var(--h2_typography-letter-spacing);\"><div class=\"imageframe-align-center\"><span class=\" fusion-imageframe imageframe-none imageframe-3 hover-type-zoomin\"><a href=\"https:\/\/www.fayansart.com\/wp-content\/uploads\/FayansArt-Tasarim.jpg\" class=\"fusion-lightbox\" data-rel=\"iLightbox[f516cac7bd8e575a8f2]\" data-title=\"19901-NSCARB\" title=\"19901-NSCARB\"><img decoding=\"async\" width=\"600\" height=\"600\" src=\"https:\/\/www.fayansart.com\/wp-content\/uploads\/FayansArt-Tasarim.jpg\" alt class=\"img-responsive wp-image-2440\" srcset=\"https:\/\/www.fayansart.com\/wp-content\/uploads\/FayansArt-Tasarim-200x200.jpg 200w, https:\/\/www.fayansart.com\/wp-content\/uploads\/FayansArt-Tasarim-400x400.jpg 400w, https:\/\/www.fayansart.com\/wp-content\/uploads\/FayansArt-Tasarim.jpg 600w\" sizes=\"(max-width: 800px) 100vw, 400px\" \/><\/a><\/span><\/div><\/div><div class=\"fusion-text fusion-text-9\"><div style=\"padding: 25px;\">\n<h4>ONTWERP<\/h4>\n<p>Ons grafisch team helpt u graag bij het cre\u00ebren van een uniek ontwerp.<\/p>\n<\/div>\n<\/div><div class=\"fusion-clearfix\"><\/div><\/div><\/div><div class=\"fusion-layout-column fusion_builder_column fusion-builder-column-9 fusion_builder_column_1_3 1_3 fusion-one-third fusion-column-last\" style=\"--awb-bg-color:#f8f8f8;--awb-bg-color-hover:#f8f8f8;--awb-bg-size:cover;width:30.6666%;\"><div class=\"fusion-column-wrapper fusion-flex-column-wrapper-legacy\"><div class=\"fusion-image-element fusion-image-align-center in-legacy-container\" style=\"text-align:center;--awb-caption-title-font-family:var(--h2_typography-font-family);--awb-caption-title-font-weight:var(--h2_typography-font-weight);--awb-caption-title-font-style:var(--h2_typography-font-style);--awb-caption-title-size:var(--h2_typography-font-size);--awb-caption-title-transform:var(--h2_typography-text-transform);--awb-caption-title-line-height:var(--h2_typography-line-height);--awb-caption-title-letter-spacing:var(--h2_typography-letter-spacing);\"><div class=\"imageframe-align-center\"><span class=\" fusion-imageframe imageframe-none imageframe-4 hover-type-zoomin\"><a href=\"https:\/\/www.fayansart.com\/wp-content\/uploads\/FayansArt-Uretim.jpg\" class=\"fusion-lightbox\" data-rel=\"iLightbox[3bb63508a468b7f0071]\" data-title=\"FayansArt Uretim\" title=\"FayansArt Uretim\"><img decoding=\"async\" width=\"600\" height=\"600\" src=\"https:\/\/www.fayansart.com\/wp-content\/uploads\/FayansArt-Uretim.jpg\" alt class=\"img-responsive wp-image-2443\" srcset=\"https:\/\/www.fayansart.com\/wp-content\/uploads\/FayansArt-Uretim-200x200.jpg 200w, https:\/\/www.fayansart.com\/wp-content\/uploads\/FayansArt-Uretim-400x400.jpg 400w, https:\/\/www.fayansart.com\/wp-content\/uploads\/FayansArt-Uretim.jpg 600w\" sizes=\"(max-width: 800px) 100vw, 400px\" \/><\/a><\/span><\/div><\/div><div class=\"fusion-text fusion-text-10\"><div style=\"padding: 25px;\">\n<h4>PRODUCTIE<\/h4>\n<p>Uw project kan binnen de afgesproken termijnen worden voltooid en u kunt uw tegel applicatie zeer snel toepassen in de gewenste ruimte.<\/p>\n<\/div>\n<\/div><div class=\"fusion-clearfix\"><\/div><\/div><\/div><\/div><\/div><\/p>\n","protected":false},"excerpt":{"rendered":"","protected":false},"author":5,"featured_media":0,"parent":0,"menu_order":0,"comment_status":"closed","ping_status":"open","template":"100-width.php","meta":{"_monsterinsights_skip_tracking":false,"_monsterinsights_sitenote_active":false,"_monsterinsights_sitenote_note":"","_monsterinsights_sitenote_category":0,"footnotes":""},"class_list":["post-1298","page","type-page","status-publish","hentry"],"yoast_head":"<!-- This site is optimized with the Yoast SEO plugin v27.3 - https:\/\/yoast.com\/product\/yoast-seo-wordpress\/ -->\n<title>Over Ons -<\/title>\n<meta name=\"robots\" content=\"index, follow, max-snippet:-1, max-image-preview:large, max-video-preview:-1\" \/>\n<link rel=\"canonical\" href=\"https:\/\/www.fayansart.com\/nl\/over-ons\/\" \/>\n<meta property=\"og:locale\" content=\"nl_NL\" \/>\n<meta property=\"og:type\" content=\"article\" \/>\n<meta property=\"og:title\" content=\"Over Ons -\" \/>\n<meta property=\"og:url\" content=\"https:\/\/www.fayansart.com\/nl\/over-ons\/\" \/>\n<meta property=\"og:site_name\" content=\"Fayans \u00dczerine \u0130\u015flenen Sanat\" \/>\n<meta property=\"article:modified_time\" content=\"2020-12-06T20:10:07+00:00\" \/>\n<meta name=\"twitter:card\" content=\"summary_large_image\" \/>\n<meta name=\"twitter:label1\" content=\"Geschatte leestijd\" \/>\n\t<meta name=\"twitter:data1\" content=\"11 minuten\" \/>\n<script type=\"application\/ld+json\" class=\"yoast-schema-graph\">{\"@context\":\"https:\\\/\\\/schema.org\",\"@graph\":[{\"@type\":\"WebPage\",\"@id\":\"https:\\\/\\\/www.fayansart.com\\\/nl\\\/over-ons\\\/\",\"url\":\"https:\\\/\\\/www.fayansart.com\\\/nl\\\/over-ons\\\/\",\"name\":\"Over Ons -\",\"isPartOf\":{\"@id\":\"https:\\\/\\\/www.fayansart.com\\\/#website\"},\"datePublished\":\"2016-12-29T11:17:37+00:00\",\"dateModified\":\"2020-12-06T20:10:07+00:00\",\"breadcrumb\":{\"@id\":\"https:\\\/\\\/www.fayansart.com\\\/nl\\\/over-ons\\\/#breadcrumb\"},\"inLanguage\":\"nl-NL\",\"potentialAction\":[{\"@type\":\"ReadAction\",\"target\":[\"https:\\\/\\\/www.fayansart.com\\\/nl\\\/over-ons\\\/\"]}]},{\"@type\":\"BreadcrumbList\",\"@id\":\"https:\\\/\\\/www.fayansart.com\\\/nl\\\/over-ons\\\/#breadcrumb\",\"itemListElement\":[{\"@type\":\"ListItem\",\"position\":1,\"name\":\"Home\",\"item\":\"https:\\\/\\\/www.fayansart.com\\\/nl\\\/\"},{\"@type\":\"ListItem\",\"position\":2,\"name\":\"Over Ons\"}]},{\"@type\":\"WebSite\",\"@id\":\"https:\\\/\\\/www.fayansart.com\\\/#website\",\"url\":\"https:\\\/\\\/www.fayansart.com\\\/\",\"name\":\"Fayans \u00dczerine \u0130\u015flenen Sanat\",\"description\":\"FayansArt Seramik Bask\u0131\",\"publisher\":{\"@id\":\"https:\\\/\\\/www.fayansart.com\\\/#organization\"},\"potentialAction\":[{\"@type\":\"SearchAction\",\"target\":{\"@type\":\"EntryPoint\",\"urlTemplate\":\"https:\\\/\\\/www.fayansart.com\\\/?s={search_term_string}\"},\"query-input\":{\"@type\":\"PropertyValueSpecification\",\"valueRequired\":true,\"valueName\":\"search_term_string\"}}],\"inLanguage\":\"nl-NL\"},{\"@type\":\"Organization\",\"@id\":\"https:\\\/\\\/www.fayansart.com\\\/#organization\",\"name\":\"FayansArt\",\"url\":\"https:\\\/\\\/www.fayansart.com\\\/\",\"logo\":{\"@type\":\"ImageObject\",\"inLanguage\":\"nl-NL\",\"@id\":\"https:\\\/\\\/www.fayansart.com\\\/#\\\/schema\\\/logo\\\/image\\\/\",\"url\":\"https:\\\/\\\/www.fayansart.com\\\/wp-content\\\/uploads\\\/FayansArt-PC-Logo-.png\",\"contentUrl\":\"https:\\\/\\\/www.fayansart.com\\\/wp-content\\\/uploads\\\/FayansArt-PC-Logo-.png\",\"width\":150,\"height\":54,\"caption\":\"FayansArt\"},\"image\":{\"@id\":\"https:\\\/\\\/www.fayansart.com\\\/#\\\/schema\\\/logo\\\/image\\\/\"}}]}<\/script>\n<!-- \/ Yoast SEO plugin. -->","yoast_head_json":{"title":"Over Ons -","robots":{"index":"index","follow":"follow","max-snippet":"max-snippet:-1","max-image-preview":"max-image-preview:large","max-video-preview":"max-video-preview:-1"},"canonical":"https:\/\/www.fayansart.com\/nl\/over-ons\/","og_locale":"nl_NL","og_type":"article","og_title":"Over Ons -","og_url":"https:\/\/www.fayansart.com\/nl\/over-ons\/","og_site_name":"Fayans \u00dczerine \u0130\u015flenen Sanat","article_modified_time":"2020-12-06T20:10:07+00:00","twitter_card":"summary_large_image","twitter_misc":{"Geschatte leestijd":"11 minuten"},"schema":{"@context":"https:\/\/schema.org","@graph":[{"@type":"WebPage","@id":"https:\/\/www.fayansart.com\/nl\/over-ons\/","url":"https:\/\/www.fayansart.com\/nl\/over-ons\/","name":"Over Ons -","isPartOf":{"@id":"https:\/\/www.fayansart.com\/#website"},"datePublished":"2016-12-29T11:17:37+00:00","dateModified":"2020-12-06T20:10:07+00:00","breadcrumb":{"@id":"https:\/\/www.fayansart.com\/nl\/over-ons\/#breadcrumb"},"inLanguage":"nl-NL","potentialAction":[{"@type":"ReadAction","target":["https:\/\/www.fayansart.com\/nl\/over-ons\/"]}]},{"@type":"BreadcrumbList","@id":"https:\/\/www.fayansart.com\/nl\/over-ons\/#breadcrumb","itemListElement":[{"@type":"ListItem","position":1,"name":"Home","item":"https:\/\/www.fayansart.com\/nl\/"},{"@type":"ListItem","position":2,"name":"Over Ons"}]},{"@type":"WebSite","@id":"https:\/\/www.fayansart.com\/#website","url":"https:\/\/www.fayansart.com\/","name":"Fayans \u00dczerine \u0130\u015flenen Sanat","description":"FayansArt Seramik Bask\u0131","publisher":{"@id":"https:\/\/www.fayansart.com\/#organization"},"potentialAction":[{"@type":"SearchAction","target":{"@type":"EntryPoint","urlTemplate":"https:\/\/www.fayansart.com\/?s={search_term_string}"},"query-input":{"@type":"PropertyValueSpecification","valueRequired":true,"valueName":"search_term_string"}}],"inLanguage":"nl-NL"},{"@type":"Organization","@id":"https:\/\/www.fayansart.com\/#organization","name":"FayansArt","url":"https:\/\/www.fayansart.com\/","logo":{"@type":"ImageObject","inLanguage":"nl-NL","@id":"https:\/\/www.fayansart.com\/#\/schema\/logo\/image\/","url":"https:\/\/www.fayansart.com\/wp-content\/uploads\/FayansArt-PC-Logo-.png","contentUrl":"https:\/\/www.fayansart.com\/wp-content\/uploads\/FayansArt-PC-Logo-.png","width":150,"height":54,"caption":"FayansArt"},"image":{"@id":"https:\/\/www.fayansart.com\/#\/schema\/logo\/image\/"}}]}},"_links":{"self":[{"href":"https:\/\/www.fayansart.com\/nl\/wp-json\/wp\/v2\/pages\/1298","targetHints":{"allow":["GET"]}}],"collection":[{"href":"https:\/\/www.fayansart.com\/nl\/wp-json\/wp\/v2\/pages"}],"about":[{"href":"https:\/\/www.fayansart.com\/nl\/wp-json\/wp\/v2\/types\/page"}],"author":[{"embeddable":true,"href":"https:\/\/www.fayansart.com\/nl\/wp-json\/wp\/v2\/users\/5"}],"replies":[{"embeddable":true,"href":"https:\/\/www.fayansart.com\/nl\/wp-json\/wp\/v2\/comments?post=1298"}],"version-history":[{"count":2,"href":"https:\/\/www.fayansart.com\/nl\/wp-json\/wp\/v2\/pages\/1298\/revisions"}],"predecessor-version":[{"id":4466,"href":"https:\/\/www.fayansart.com\/nl\/wp-json\/wp\/v2\/pages\/1298\/revisions\/4466"}],"wp:attachment":[{"href":"https:\/\/www.fayansart.com\/nl\/wp-json\/wp\/v2\/media?parent=1298"}],"curies":[{"name":"wp","href":"https:\/\/api.w.org\/{rel}","templated":true}]}}